{"id":12866,"date":"2020-07-02T15:24:03","date_gmt":"2020-07-02T15:24:03","guid":{"rendered":"https:\/\/www.fcbraganca.pt\/?page_id=12866"},"modified":"2023-05-10T13:12:48","modified_gmt":"2023-05-10T13:12:48","slug":"image-orders","status":"publish","type":"page","link":"https:\/\/www.fcbraganca.pt\/en\/image-orders\/","title":{"rendered":"Image Orders"},"content":{"rendered":"\t\t<div data-elementor-type=\"wp-page\" data-elementor-id=\"12866\" class=\"elementor elementor-12866 elementor-10004\">\n\t\t\t\t\t\t<div class=\"elementor-inner\">\n\t\t\t\t<div class=\"elementor-section-wrap\">\n\t\t\t\t\t\t\t\t\t<section class=\"elementor-section elementor-top-section elementor-element elementor-element-e4d17d8 elementor-section-boxed elementor-section-height-default elementor-section-height-default\" data-id=\"e4d17d8\" data-element_type=\"section\">\n\t\t\t\t\t\t<div class=\"elementor-container elementor-column-gap-default\">\n\t\t\t\t\t\t\t<div class=\"elementor-row\">\n\t\t\t\t\t<div class=\"elementor-column elementor-col-100 elementor-top-column elementor-element elementor-element-4015a0c\" data-id=\"4015a0c\" data-element_type=\"column\">\n\t\t\t<div class=\"elementor-column-wrap elementor-element-populated\">\n\t\t\t\t\t\t\t<div class=\"elementor-widget-wrap\">\n\t\t\t\t\t\t<div class=\"elementor-element elementor-element-4663c3c elementor-widget elementor-widget-shortcode\" data-id=\"4663c3c\" data-element_type=\"widget\" data-widget_type=\"shortcode.default\">\n\t\t\t\t<div class=\"elementor-widget-container\">\n\t\t\t\t\t<div class=\"elementor-shortcode\">\n<div class=\"wpcf7 no-js\" id=\"wpcf7-f12868-o1\" lang=\"en-US\" dir=\"ltr\">\n<div class=\"screen-reader-response\"><p role=\"status\" aria-live=\"polite\" aria-atomic=\"true\"><\/p> <ul><\/ul><\/div>\n<form action=\"\/en\/wp-json\/wp\/v2\/pages\/12866#wpcf7-f12868-o1\" method=\"post\" class=\"wpcf7-form init\" aria-label=\"Contact form\" novalidate=\"novalidate\" data-status=\"init\">\n<div style=\"display: none;\">\n<input type=\"hidden\" name=\"_wpcf7\" value=\"12868\" \/>\n<input type=\"hidden\" name=\"_wpcf7_version\" value=\"5.7.5.1\" \/>\n<input type=\"hidden\" name=\"_wpcf7_locale\" value=\"en_US\" \/>\n<input type=\"hidden\" name=\"_wpcf7_unit_tag\" value=\"wpcf7-f12868-o1\" \/>\n<input type=\"hidden\" name=\"_wpcf7_container_post\" value=\"0\" \/>\n<input type=\"hidden\" name=\"_wpcf7_posted_data_hash\" value=\"\" \/>\n<\/div>\n<div class=\"group column-group\">\n    <div class=\"column\">\n        <div class=\"form-group\">\n            <label for=\"input-name\" class=\"form-label\">Name<sup>*<\/sup><\/label>\n            <span class=\"wpcf7-form-control-wrap\" data-name=\"input-name\"><input size=\"40\" class=\"wpcf7-form-control wpcf7-text wpcf7-validates-as-required form-control\" id=\"input-name\" aria-required=\"true\" aria-invalid=\"false\" value=\"\" type=\"text\" name=\"input-name\" \/><\/span>\n        <\/div>\n    <\/div>\n    <div class=\"column\">\n        <div class=\"form-group\">\n            <label for=\"input-organization\" class=\"form-label\">Organization<\/label>\n            <span class=\"wpcf7-form-control-wrap\" data-name=\"input-organization\"><input size=\"40\" class=\"wpcf7-form-control wpcf7-text form-control\" id=\"input-organization\" aria-invalid=\"false\" value=\"\" type=\"text\" name=\"input-organization\" \/><\/span>\n        <\/div>\n    <\/div>\n<\/div>\n\n<div class=\"group column-group\">\n    <div class=\"column\">\n        <div class=\"form-group\">\n            <label for=\"input-category\" class=\"form-label\">Tax number<\/label>\n            <span class=\"wpcf7-form-control-wrap\" data-name=\"input-category\"><input size=\"40\" class=\"wpcf7-form-control wpcf7-text form-control\" id=\"input-category\" aria-invalid=\"false\" value=\"\" type=\"text\" name=\"input-category\" \/><\/span>\n        <\/div>\n    <\/div>\n    <div class=\"column\">\n        <div class=\"form-group\">\n            <label for=\"input-address\" class=\"form-label\">Address<\/label>\n            <span class=\"wpcf7-form-control-wrap\" data-name=\"input-address\"><input size=\"40\" class=\"wpcf7-form-control wpcf7-text wpcf7-validates-as-required form-control\" id=\"input-address\" aria-required=\"true\" aria-invalid=\"false\" value=\"\" type=\"text\" name=\"input-address\" \/><\/span>\n        <\/div>\n    <\/div>\n<\/div>\n\n<div class=\"group column-group\">\n    <div class=\"column\">\n        <div class=\"form-group\">\n            <label for=\"input-zip\" class=\"form-label\">Zip code<sup>*<\/sup><\/label>\n            <span class=\"wpcf7-form-control-wrap\" data-name=\"input-zip\"><input size=\"40\" class=\"wpcf7-form-control wpcf7-text form-control\" id=\"input-zip\" aria-invalid=\"false\" value=\"\" type=\"text\" name=\"input-zip\" \/><\/span>\n        <\/div>\n    <\/div>\n    <div class=\"column\">\n        <div class=\"form-group\">\n            <label for=\"input-email\" class=\"form-label\">Email<sup>*<\/sup><\/label>\n            <span class=\"wpcf7-form-control-wrap\" data-name=\"input-email\"><input size=\"40\" class=\"wpcf7-form-control wpcf7-text wpcf7-email wpcf7-validates-as-required wpcf7-validates-as-email form-control\" id=\"input-email\" aria-required=\"true\" aria-invalid=\"false\" value=\"\" type=\"email\" name=\"input-email\" \/><\/span>\n        <\/div>\n    <\/div>\n<\/div>\n\n<div class=\"group column-group\">\n    <div class=\"column\">\n        <div class=\"form-group\">\n            <label for=\"input-phone\" class=\"form-label\">Phone<\/label>\n            <span class=\"wpcf7-form-control-wrap\" data-name=\"input-phone\"><input size=\"40\" class=\"wpcf7-form-control wpcf7-text form-control\" id=\"input-phone\" aria-invalid=\"false\" value=\"\" type=\"text\" name=\"input-phone\" \/><\/span>\n        <\/div>\n    <\/div>\n    <div class=\"column\">\n    <\/div>\n<\/div>\n\n<div class=\"group\">\n    <div class=\"form-group\">\n        <label for=\"input-images\" class=\"form-label\">Images requested<\/label>\n        <span class=\"wpcf7-form-control-wrap\" data-name=\"input-images\"><textarea cols=\"40\" rows=\"10\" class=\"wpcf7-form-control wpcf7-textarea form-control\" id=\"input-images\" aria-invalid=\"false\" name=\"input-images\"><\/textarea><\/span>\n    <\/div>\n<\/div>\n\n<div class=\"group\">\n    <div class=\"form-group\">\n        <label for=\"input-target\" class=\"form-label\">Images destination<\/label>\n        <span class=\"wpcf7-form-control-wrap\" data-name=\"input-target\"><textarea cols=\"40\" rows=\"10\" class=\"wpcf7-form-control wpcf7-textarea form-control\" id=\"input-target\" aria-invalid=\"false\" name=\"input-target\"><\/textarea><\/span>\n    <\/div>\n<\/div>\n\n<div class=\"group\">\n    <div class=\"form-group\">\n        <label for=\"your-checkbox-id\" class=\"form-label\"> <span class=\"wpcf7-form-control-wrap\" data-name=\"acceptance-937\"><span class=\"wpcf7-form-control wpcf7-acceptance\"><span class=\"wpcf7-list-item\"><label><input type=\"checkbox\" name=\"acceptance-937\" value=\"1\" id=\"your-checkbox-id\" aria-invalid=\"false\" \/><span class=\"wpcf7-list-item-label\">Accept <a href=\"\/wp-content\/uploads\/2019\/07\/condicoes_pedido_de_imagens-EN.pdf\" target=\"_blank\">Terms and conditions <\/a><\/span><\/label><\/span><\/span><\/span><\/label>\n    <\/div>\n<\/div>\n\n<div class=\"group\">\n<input class=\"wpcf7-form-control has-spinner wpcf7-submit\" type=\"submit\" value=\"Send\" \/>\n<\/div><div class=\"wpcf7-response-output\" aria-hidden=\"true\"><\/div>\n<\/form>\n<\/div>\n<\/div>\n\t\t\t\t<\/div>\n\t\t\t\t<\/div>\n\t\t\t\t\t\t<\/div>\n\t\t\t\t\t<\/div>\n\t\t<\/div>\n\t\t\t\t\t\t\t\t<\/div>\n\t\t\t\t\t<\/div>\n\t\t<\/section>\n\t\t\t\t\t\t\t\t\t<\/div>\n\t\t\t<\/div>\n\t\t\t\t\t<\/div>\n\t\t","protected":false},"excerpt":{"rendered":"","protected":false},"author":4,"featured_media":0,"parent":0,"menu_order":0,"comment_status":"closed","ping_status":"closed","template":"","meta":[],"yoast_head":"<!-- This site is optimized with the Yoast SEO plugin v20.4 - https:\/\/yoast.com\/wordpress\/plugins\/seo\/ -->\n<title>FCB | Image Orders for Funda\u00e7\u00e3o da Casa de Bragan\u00e7a<\/title>\n<meta name=\"description\" content=\"Funda\u00e7\u00e3o da Casa de Bragan\u00e7a | Want to request some images to use? Click here and take care of your image Orders.\" \/>\n<meta name=\"robots\" content=\"index, follow, max-snippet:-1, max-image-preview:large, max-video-preview:-1\" \/>\n<link rel=\"canonical\" href=\"https:\/\/www.fcbraganca.pt\/en\/image-orders\/\" \/>\n<meta property=\"og:locale\" content=\"en_US\" \/>\n<meta property=\"og:type\" content=\"article\" \/>\n<meta property=\"og:title\" content=\"FCB | Image Orders for Funda\u00e7\u00e3o da Casa de Bragan\u00e7a\" \/>\n<meta property=\"og:description\" content=\"Funda\u00e7\u00e3o da Casa de Bragan\u00e7a | Want to request some images to use? Click here and take care of your image Orders.\" \/>\n<meta property=\"og:url\" content=\"https:\/\/www.fcbraganca.pt\/en\/image-orders\/\" \/>\n<meta property=\"og:site_name\" content=\"Funda\u00e7\u00e3o da Casa de Bragan\u00e7a\" \/>\n<meta property=\"article:modified_time\" content=\"2023-05-10T13:12:48+00:00\" \/>\n<meta name=\"twitter:card\" content=\"summary_large_image\" \/>\n<script type=\"application\/ld+json\" class=\"yoast-schema-graph\">{\"@context\":\"https:\/\/schema.org\",\"@graph\":[{\"@type\":\"WebPage\",\"@id\":\"https:\/\/www.fcbraganca.pt\/en\/image-orders\/\",\"url\":\"https:\/\/www.fcbraganca.pt\/en\/image-orders\/\",\"name\":\"FCB | Image Orders for Funda\u00e7\u00e3o da Casa de Bragan\u00e7a\",\"isPartOf\":{\"@id\":\"https:\/\/www.fcbraganca.pt\/en\/#website\"},\"datePublished\":\"2020-07-02T15:24:03+00:00\",\"dateModified\":\"2023-05-10T13:12:48+00:00\",\"description\":\"Funda\u00e7\u00e3o da Casa de Bragan\u00e7a | Want to request some images to use? Click here and take care of your image Orders.\",\"breadcrumb\":{\"@id\":\"https:\/\/www.fcbraganca.pt\/en\/image-orders\/#breadcrumb\"},\"inLanguage\":\"en-US\",\"potentialAction\":[{\"@type\":\"ReadAction\",\"target\":[\"https:\/\/www.fcbraganca.pt\/en\/image-orders\/\"]}]},{\"@type\":\"BreadcrumbList\",\"@id\":\"https:\/\/www.fcbraganca.pt\/en\/image-orders\/#breadcrumb\",\"itemListElement\":[{\"@type\":\"ListItem\",\"position\":1,\"name\":\"In\u00edcio\",\"item\":\"https:\/\/www.fcbraganca.pt\/en\/\"},{\"@type\":\"ListItem\",\"position\":2,\"name\":\"Image Orders\"}]},{\"@type\":\"WebSite\",\"@id\":\"https:\/\/www.fcbraganca.pt\/en\/#website\",\"url\":\"https:\/\/www.fcbraganca.pt\/en\/\",\"name\":\"Funda\u00e7\u00e3o da Casa de Bragan\u00e7a\",\"description\":\"Funda\u00e7\u00e3o da Casa de Bragan\u00e7a\",\"publisher\":{\"@id\":\"https:\/\/www.fcbraganca.pt\/en\/#organization\"},\"potentialAction\":[{\"@type\":\"SearchAction\",\"target\":{\"@type\":\"EntryPoint\",\"urlTemplate\":\"https:\/\/www.fcbraganca.pt\/en\/?s={search_term_string}\"},\"query-input\":\"required name=search_term_string\"}],\"inLanguage\":\"en-US\"},{\"@type\":\"Organization\",\"@id\":\"https:\/\/www.fcbraganca.pt\/en\/#organization\",\"name\":\"Funda\u00e7\u00e3o da Casa de Bragan\u00e7a\",\"url\":\"https:\/\/www.fcbraganca.pt\/en\/\",\"logo\":{\"@type\":\"ImageObject\",\"inLanguage\":\"en-US\",\"@id\":\"https:\/\/www.fcbraganca.pt\/en\/#\/schema\/logo\/image\/\",\"url\":\"https:\/\/www.fcbraganca.pt\/wp-content\/uploads\/2019\/07\/logo_int3.jpg\",\"contentUrl\":\"https:\/\/www.fcbraganca.pt\/wp-content\/uploads\/2019\/07\/logo_int3.jpg\",\"width\":261,\"height\":92,\"caption\":\"Funda\u00e7\u00e3o da Casa de Bragan\u00e7a\"},\"image\":{\"@id\":\"https:\/\/www.fcbraganca.pt\/en\/#\/schema\/logo\/image\/\"}}]}<\/script>\n<!-- \/ Yoast SEO plugin. -->","yoast_head_json":{"title":"FCB | Image Orders for Funda\u00e7\u00e3o da Casa de Bragan\u00e7a","description":"Funda\u00e7\u00e3o da Casa de Bragan\u00e7a | Want to request some images to use? Click here and take care of your image Orders.","robots":{"index":"index","follow":"follow","max-snippet":"max-snippet:-1","max-image-preview":"max-image-preview:large","max-video-preview":"max-video-preview:-1"},"canonical":"https:\/\/www.fcbraganca.pt\/en\/image-orders\/","og_locale":"en_US","og_type":"article","og_title":"FCB | Image Orders for Funda\u00e7\u00e3o da Casa de Bragan\u00e7a","og_description":"Funda\u00e7\u00e3o da Casa de Bragan\u00e7a | Want to request some images to use? Click here and take care of your image Orders.","og_url":"https:\/\/www.fcbraganca.pt\/en\/image-orders\/","og_site_name":"Funda\u00e7\u00e3o da Casa de Bragan\u00e7a","article_modified_time":"2023-05-10T13:12:48+00:00","twitter_card":"summary_large_image","schema":{"@context":"https:\/\/schema.org","@graph":[{"@type":"WebPage","@id":"https:\/\/www.fcbraganca.pt\/en\/image-orders\/","url":"https:\/\/www.fcbraganca.pt\/en\/image-orders\/","name":"FCB | Image Orders for Funda\u00e7\u00e3o da Casa de Bragan\u00e7a","isPartOf":{"@id":"https:\/\/www.fcbraganca.pt\/en\/#website"},"datePublished":"2020-07-02T15:24:03+00:00","dateModified":"2023-05-10T13:12:48+00:00","description":"Funda\u00e7\u00e3o da Casa de Bragan\u00e7a | Want to request some images to use? Click here and take care of your image Orders.","breadcrumb":{"@id":"https:\/\/www.fcbraganca.pt\/en\/image-orders\/#breadcrumb"},"inLanguage":"en-US","potentialAction":[{"@type":"ReadAction","target":["https:\/\/www.fcbraganca.pt\/en\/image-orders\/"]}]},{"@type":"BreadcrumbList","@id":"https:\/\/www.fcbraganca.pt\/en\/image-orders\/#breadcrumb","itemListElement":[{"@type":"ListItem","position":1,"name":"In\u00edcio","item":"https:\/\/www.fcbraganca.pt\/en\/"},{"@type":"ListItem","position":2,"name":"Image Orders"}]},{"@type":"WebSite","@id":"https:\/\/www.fcbraganca.pt\/en\/#website","url":"https:\/\/www.fcbraganca.pt\/en\/","name":"Funda\u00e7\u00e3o da Casa de Bragan\u00e7a","description":"Funda\u00e7\u00e3o da Casa de Bragan\u00e7a","publisher":{"@id":"https:\/\/www.fcbraganca.pt\/en\/#organization"},"potentialAction":[{"@type":"SearchAction","target":{"@type":"EntryPoint","urlTemplate":"https:\/\/www.fcbraganca.pt\/en\/?s={search_term_string}"},"query-input":"required name=search_term_string"}],"inLanguage":"en-US"},{"@type":"Organization","@id":"https:\/\/www.fcbraganca.pt\/en\/#organization","name":"Funda\u00e7\u00e3o da Casa de Bragan\u00e7a","url":"https:\/\/www.fcbraganca.pt\/en\/","logo":{"@type":"ImageObject","inLanguage":"en-US","@id":"https:\/\/www.fcbraganca.pt\/en\/#\/schema\/logo\/image\/","url":"https:\/\/www.fcbraganca.pt\/wp-content\/uploads\/2019\/07\/logo_int3.jpg","contentUrl":"https:\/\/www.fcbraganca.pt\/wp-content\/uploads\/2019\/07\/logo_int3.jpg","width":261,"height":92,"caption":"Funda\u00e7\u00e3o da Casa de Bragan\u00e7a"},"image":{"@id":"https:\/\/www.fcbraganca.pt\/en\/#\/schema\/logo\/image\/"}}]}},"_links":{"self":[{"href":"https:\/\/www.fcbraganca.pt\/en\/wp-json\/wp\/v2\/pages\/12866"}],"collection":[{"href":"https:\/\/www.fcbraganca.pt\/en\/wp-json\/wp\/v2\/pages"}],"about":[{"href":"https:\/\/www.fcbraganca.pt\/en\/wp-json\/wp\/v2\/types\/page"}],"author":[{"embeddable":true,"href":"https:\/\/www.fcbraganca.pt\/en\/wp-json\/wp\/v2\/users\/4"}],"replies":[{"embeddable":true,"href":"https:\/\/www.fcbraganca.pt\/en\/wp-json\/wp\/v2\/comments?post=12866"}],"version-history":[{"count":1,"href":"https:\/\/www.fcbraganca.pt\/en\/wp-json\/wp\/v2\/pages\/12866\/revisions"}],"predecessor-version":[{"id":15370,"href":"https:\/\/www.fcbraganca.pt\/en\/wp-json\/wp\/v2\/pages\/12866\/revisions\/15370"}],"wp:attachment":[{"href":"https:\/\/www.fcbraganca.pt\/en\/wp-json\/wp\/v2\/media?parent=12866"}],"curies":[{"name":"wp","href":"https:\/\/api.w.org\/{rel}","templated":true}]}}