{"id":13028,"date":"2020-07-08T14:43:34","date_gmt":"2020-07-08T14:43:34","guid":{"rendered":"https:\/\/www.fcbraganca.pt\/?page_id=13028"},"modified":"2023-10-06T16:03:20","modified_gmt":"2023-10-06T16:03:20","slug":"rarities","status":"publish","type":"page","link":"https:\/\/www.fcbraganca.pt\/en\/rarities\/","title":{"rendered":"Rarities"},"content":{"rendered":"\t\t<div data-elementor-type=\"wp-post\" data-elementor-id=\"13028\" class=\"elementor elementor-13028 elementor-9620\">\n\t\t\t\t\t\t<div class=\"elementor-inner\">\n\t\t\t\t<div class=\"elementor-section-wrap\">\n\t\t\t\t\t\t\t\t\t<section class=\"elementor-section elementor-top-section elementor-element elementor-element-87b6ee7 elementor-section-full_width elementor-section-height-default elementor-section-height-default\" data-id=\"87b6ee7\" data-element_type=\"section\">\n\t\t\t\t\t\t<div class=\"elementor-container elementor-column-gap-default\">\n\t\t\t\t\t\t\t<div class=\"elementor-row\">\n\t\t\t\t\t<div class=\"elementor-column elementor-col-100 elementor-top-column elementor-element elementor-element-96fa290\" data-id=\"96fa290\" data-element_type=\"column\" data-settings=\"{&quot;background_background&quot;:&quot;classic&quot;}\">\n\t\t\t<div class=\"elementor-column-wrap elementor-element-populated\">\n\t\t\t\t\t\t\t<div class=\"elementor-widget-wrap\">\n\t\t\t\t\t\t<div class=\"elementor-element elementor-element-62bd1ae elementor-widget elementor-widget-ova_heading_page\" data-id=\"62bd1ae\" data-element_type=\"widget\" data-widget_type=\"ova_heading_page.default\">\n\t\t\t\t<div class=\"elementor-widget-container\">\n\t\t\t\n\t\t<section class=\"heading-page\" style=\"background-image: url(https:\/\/www.fcbraganca.pt\/wp-content\/uploads\/2020\/01\/header_public.jpg)\" >\n\t\t\t<div class=\"container\">\n\t\t\t\t<div class=\"cta-content\">\n\t\t\t\t\t\t\t\t\t\t\t<h2 class=\"second_font\">Rarities<\/h2>\n\t\t\t\t\t\t\t\t\t\t\n\t\t\t\t<\/div>\n\t\t\t<\/div>\n\t\t<\/section>\n\n\t\t\t<\/div>\n\t\t\t\t<\/div>\n\t\t\t\t\t\t<\/div>\n\t\t\t\t\t<\/div>\n\t\t<\/div>\n\t\t\t\t\t\t\t\t<\/div>\n\t\t\t\t\t<\/div>\n\t\t<\/section>\n\t\t\t\t<section class=\"elementor-section elementor-top-section elementor-element elementor-element-7a521de elementor-section-boxed elementor-section-height-default elementor-section-height-default\" data-id=\"7a521de\" data-element_type=\"section\">\n\t\t\t\t\t\t<div class=\"elementor-container elementor-column-gap-default\">\n\t\t\t\t\t\t\t<div class=\"elementor-row\">\n\t\t\t\t\t<div class=\"elementor-column elementor-col-100 elementor-top-column elementor-element elementor-element-8a9744f\" data-id=\"8a9744f\" data-element_type=\"column\">\n\t\t\t<div class=\"elementor-column-wrap elementor-element-populated\">\n\t\t\t\t\t\t\t<div class=\"elementor-widget-wrap\">\n\t\t\t\t\t\t<div class=\"elementor-element elementor-element-d929b65 line-height-32 elementor-widget elementor-widget-text-editor\" data-id=\"d929b65\" data-element_type=\"widget\" data-widget_type=\"text-editor.default\">\n\t\t\t\t<div class=\"elementor-widget-container\">\n\t\t\t\t\t\t\t\t<div class=\"elementor-text-editor elementor-clearfix\">\n\t\t\t\t<h1 align=\"center\">On sale at the entrance of the Ducal Palace or by post (cash on delivery)<\/h1>\t\t\t\t\t<\/div>\n\t\t\t\t\t\t<\/div>\n\t\t\t\t<\/div>\n\t\t\t\t\t\t<\/div>\n\t\t\t\t\t<\/div>\n\t\t<\/div>\n\t\t\t\t\t\t\t\t<\/div>\n\t\t\t\t\t<\/div>\n\t\t<\/section>\n\t\t\t\t<section class=\"elementor-section elementor-top-section elementor-element elementor-element-820cf49 elementor-section-boxed elementor-section-height-default elementor-section-height-default\" data-id=\"820cf49\" data-element_type=\"section\">\n\t\t\t\t\t\t<div class=\"elementor-container elementor-column-gap-default\">\n\t\t\t\t\t\t\t<div class=\"elementor-row\">\n\t\t\t\t\t<div class=\"elementor-column elementor-col-100 elementor-top-column elementor-element elementor-element-3480059\" data-id=\"3480059\" data-element_type=\"column\">\n\t\t\t<div class=\"elementor-column-wrap elementor-element-populated\">\n\t\t\t\t\t\t\t<div class=\"elementor-widget-wrap\">\n\t\t\t\t\t\t<div class=\"elementor-element elementor-element-9072464 elementor-widget elementor-widget-text-editor\" data-id=\"9072464\" data-element_type=\"widget\" data-widget_type=\"text-editor.default\">\n\t\t\t\t<div class=\"elementor-widget-container\">\n\t\t\t\t\t\t\t\t<div class=\"elementor-text-editor elementor-clearfix\">\n\t\t\t\t<div class=\"autor\"><strong>ABRANTES<\/strong>, Ventura Ledesma, 1883-1956<\/div><p>O Patrim\u00f3nio da Seren\u00edssima Casa de Bragan\u00e7a em Oliven\u00e7a : seguido de apontamentos monogr\u00e1ficos e notas etnogr\u00e1ficas \/ Ventura Ledesma Abrantes; foreword by Colonel Ab\u00edlio Valdez Passos e Sousa. Lisbon: \u00c1lvaro Pinto, 1954. &#8211; 558, [4] p., 16 p. photos: il. ; 25 cm. &#8211; Publication sponsored by Funda\u00e7\u00e3o da Casa de Bragan\u00e7a<br \/><b>20 \u20ac<\/b><\/p><div class=\"autor\"><strong>ABREU<\/strong>, Maria Luc\u00edlia<\/div><p>A aguarela na Arte Portuguesa \/ Maria Luc\u00edlia Abreu. Lisbon: ACD Editores, 2008. &#8211; 407 p. : il. ; 31 cm. &#8211; Cart. ISBN 978-972-8855-38-3<br \/><b>50 \u20ac<\/b><\/p><div class=\"autor\"><strong>ACADEMIA MILITAR<\/strong><\/div><p>D. Catarina de Bragan\u00e7a e o Pa\u00e7o da Rainha [1750-2005] \/ Academia Militar. Lisbon: Academia Militar, 2005. &#8211; 251 p. : il. ; 30 cm. &#8211; Commemorative Edition &#8211; Bound &#8211; Sponsored by Funda\u00e7\u00e3o da Casa de Bragan\u00e7a, Funda\u00e7\u00e3o D. Manuel II, Lisbon City Council and Banco Santander Totta. ISBN 972-96167-8-7<br \/><b>40 \u20ac<\/b><\/p><div class=\"autor\"><strong>ALGARVE<\/strong>. Bishop of, 1953-1964 (Francisco Rendeiro)<\/div><p>Elogio f\u00fanebre do Arcebispo de \u00c9vora D. Manuel Mendes da Concei\u00e7\u00e3o Santos \/ Fr. Francisco Rendeiro, Vi\u00e7osa on 9 July 1955 \/ Fr. Francisco Rendeiro. Lisbon: Funda\u00e7\u00e3o da Casa de Bragan\u00e7a, 1956. &#8211; 21, [2] p., 3 f. with photos: il. ; 26 cm. &#8211; : Delivered during the \u00abRequiem\u00bb Mass celebrated at Ducal Chapel of Vila Vi\u00e7osa on july, 1955<br \/><b>2,50 \u20ac<\/b><\/p><div class=\"autor\"><strong>BAI\u00c3O<\/strong>, Ant\u00f3nio, 1878-1961<\/div><p>Duas confer\u00eancias no Pa\u00e7o Ducal de Vila Vi\u00e7osa \/ pelos Drs. Ant\u00f3nio Bai\u00e3o e P. M. Laranjo Coelho. Lisbon: Funda\u00e7\u00e3o da Casa de Bragan\u00e7a, 1956. &#8211; 71, [4] p., [6] p. facsimile ; 26 cm. &#8211; Lectures presented at Vila Vi\u00e7osa Ducal Palace, on October 17, 1953 and June 10, 1954<br \/><b>5 \u20ac<\/b><\/p><div class=\"autor\"><strong>BASTO<\/strong>, Artur de Magalh\u00e3es, 1894-1960<\/div><p>A prop\u00f3sito de D. Manuel II e da sua colec\u00e7\u00e3o de Livros Antigos \/ A. de Magalh\u00e3es Basto. &#8211; Porto : [s.p.], 1956. &#8211; 26, [1] p., [4] plates: il. ; 25 cm. &#8211; Offprint of Boletim Cultural da C.M. do Porto, vol. 19 &#8211; Fasc. 1-2<br \/><b>5 \u20ac<\/b><\/p><div class=\"autor\"><strong>BEN NAHMAN<\/strong>, Mois\u00e9s, 1194-1270<\/div><p>Commentary on the Pentateuch \/ Moses ben Nahman; with introduction and study by Manuel Cadafaz de Matos. Lisbon: T\u00e1vola Redonda, 1989. &#8211; 87, [615] p. ; 30 cm. Re-edition of the copy from the BPDVV, of the Funda\u00e7\u00e3o Casa de Bragan\u00e7a, which belonged to His Majesty King Manuel II, on the occasion of the centenary of his birth. &#8211; Facsimile reproduction of the oldest book printed in Lisbon, in July\u00a01489<br \/><b>20 \u20ac<\/b><\/p><div class=\"autor\"><strong>BORR\u00d5ES<\/strong>, Gualdino<\/div><p>Inventory of King Manuel II&#8217;s Library: Manuscripts century XII to 1917 : Prints XV century to 1834 \/ Made by Gualdino Borr\u00f5es. Lisbon: Funda\u00e7\u00e3o da Casa de Bragan\u00e7a, 1982. &#8211; XV, [1], 421 p. ; 24 cm<br \/><b>10 \u20ac<\/b><\/p><div class=\"autor\"><strong>CARNEIRO<\/strong>, Pinto<\/div><p>Os Duques de Bragan\u00e7a : Elogio f\u00fanebre \/ Pinto Carneiro. Lisbon: Funda\u00e7\u00e3o da Casa de Bragan\u00e7a, 1956. &#8211; 25, [2] p., 3 photos : il. ; 26 cm. &#8211; Eulogy given at the solemn funeral mass promoted by Funda\u00e7\u00e3o da Casa de Bragan\u00e7a at Pantheon of the Dukes in Agostinhos Church, Vila Vi\u00e7osa, on November 5, 1955<br \/><b>5 \u20ac<\/b><\/p><div class=\"autor\"><strong>CARTAS DE D. PEDRO V AOS SEUS CONTEMPORANEOS<\/strong><\/div><p>Letters of King Pedro V to his contemporaries \/ presentation, study and notes by Ruben Andresen Leit\u00e3o. Lisbon: Livraria Portugal, 1961. &#8211; 367, [1] p., [2] plates: il. ; 25 cm<br \/><b>20 \u20ac<\/b><\/p><div class=\"autor\"><strong>COELHO<\/strong>, Jacinto do Prado, 1920-1984<\/div><p>Coment\u00e1rio \u00e0 obra de Ester de Lemos : D. Maria II (A Rainha e a mulher) \/ Jacinto do Prado Coelho. Lisbon: Funda\u00e7\u00e3o da Casa de Bragan\u00e7a, 1954. &#8211; 25, [3] p. ; 26 cm. &#8211; Lecture given at the Portuguese Secretariat of Information, Popular Cultural and Tourism on March 26, 1954<br \/><b>5 \u20ac<\/b><\/p><div class=\"autor\"><strong>GOMES<\/strong>, Ant\u00f3nio Lu\u00eds, 1898-1981<\/div><p>D. Carlos I e D. Lu\u00eds Filipe : palavras de evoca\u00e7\u00e3o e apre\u00e7o \/ A. Lu\u00edz Gomes. Psicografia de um Rei (An\u00e1lise Grafocaracterol\u00f3gica) \/ by Professor Delfim Santos. Lisbon: Funda\u00e7\u00e3o da Casa de Bragan\u00e7a, 1958. &#8211; 39, [4] p., 2 photos : il. ; 26 cm<br \/><b>10 \u20ac<\/b><\/p><div class=\"autor\"><strong>FORJAZ<\/strong>, Ant\u00f3nio Pereira, 1893-1972<\/div><p>Passos Brigantinos numa Trilogia de Gl\u00f3rias \/ Prof. Pereira Forjaz. Lisbon: Funda\u00e7\u00e3o da Casa de Bragan\u00e7a, 1953. &#8211; 44, [2] p. : il. ; 26 cm<br \/><b>10 \u20ac<\/b><\/p><div class=\"autor\"><strong>FUNDA\u00c7\u00c3O DA CASA DE BRAGAN\u00c7A<\/strong><\/div><p>Exposi\u00e7\u00e3o comemorativa do bicenten\u00e1rio do Minist\u00e9rio das Finan\u00e7as \/ Funda\u00e7\u00e3o da Casa de Bragan\u00e7a. Lisbon: Funda\u00e7\u00e3o da Casa de Bragan\u00e7a, 1989. &#8211; 134, [2] p. : il. ; 26 cm<br \/><b>10 \u20ac<\/b><\/p><div class=\"autor\"><strong>FUNDA\u00c7\u00c3O DA CASA DE BRAGAN\u00c7A<\/strong><\/div><p>Homenagem a Ant\u00f3nio Luiz Gomes \/ Funda\u00e7\u00e3o da Casa de Bragan\u00e7a. Lisbon: Funda\u00e7\u00e3o da Casa de Bragan\u00e7a, 1982. &#8211; 45, [1] p., [6] plates : il. ; 25 cm<br \/><b>0,75 \u20ac<\/b><\/p><div class=\"autor\"><strong>GOMES<\/strong>, Ant\u00f3nio Lu\u00eds, 1898-1981<\/div><p>Vila Vi\u00e7osa o encanto desta terra e os seus t\u00edtulos de nobreza : D. Fernando I :<br \/>speech delivered by A. Luiz Gomes on the occasion of the inauguration of his monument in Bragan\u00e7a &#8211; [s.l. : s.p.], 1965 (Lisbon: Oficinas Gr\u00e1ficas da Papelaria Fernandes). &#8211; 27, [5] p., [3] plates : il. ; 25 cm<br \/><b>10 \u20ac<\/b><\/p><div class=\"autor\"><strong>GUIMAR\u00c3ES<\/strong>, Lu\u00eds de Oliveira 1900-<\/div><p>O Conde de Arnoso \/ Lu\u00eds de Oliveira Guimar\u00e3es. Lisbon: Funda\u00e7\u00e3o da Casa de Bragan\u00e7a, 1958. &#8211; 25, [9] p.,1 print ; 26 cm. &#8211; Lecture given at Vila Vi\u00e7osa&#8217;s Ducal Palace on the afternoon of July 14, 1956.<br \/><b>5 \u20ac<\/b><\/p><div class=\"autor\"><strong>GUSM\u00c3O<\/strong>, Adriano de, 1908-1993<\/div><p>Essay on paintings by Carlo Maratta and Matteo Rosselli found in Vila Vi\u00e7osa by Adriano de Gusm\u00e3o. Lisbon: Funda\u00e7\u00e3o da Casa de Bragan\u00e7a, 1949. &#8211; 14, [4] p., [8] plates : il. ; 25 cm.<br \/><b>10 \u20ac<\/b><\/p><div class=\"autor\"><strong>MANDROUX-FRAN\u00c7A<\/strong>, Marie-Th\u00e9r\u00e8se e PR\u00c9AUD, Maxime<\/div><p>Catalogue of prints in the collection of King Jo\u00e3o V of Portugal compiled by Pierre-Jean Mariette \/ Marie-Th\u00e9r\u00e8se Mandroux- Fran\u00e7a. &#8211; Lisbon-Paris: Funda\u00e7\u00e3o Calouste Gulbenkian, Biblioth\u00e8que Nationale de France, Funda\u00e7\u00e3o da Casa de Bragan\u00e7a, 2003. 3 volumes: il.<br \/><b>270 \u20ac<\/b><\/p><div class=\"autor\"><strong>MANUEL II<\/strong>, Rei de Portugal, 1889-1932<\/div><p>Um grande portugu\u00eas D. Manuel II 1889 &#8211; 1932 : atrav\u00e9s de alguns livros s\u00e9culos XV e XVI da sua biblioteca \/ Catalogue and bibliographic note by King Manuel II; introduction, choice of works, compilation and index by Jos\u00e9 V. de Pina Martins. &#8211; Lisbon: Funda\u00e7\u00e3o da Casa de Bragan\u00e7a, 1989. &#8211; 235, [3] p., 1 photo : il. ; 25 cm. &#8211; Catalogue of the exhibition held at the Biblioteca Nacional, Lisbon November 15 &#8211; December 15, 1989<br \/><b>12,50 \u20ac<\/b><\/p><div class=\"autor\"><strong>NO PRIMEIRO CENTEN\u00c1RIO DE EL-REI D. MANUEL II<\/strong> (1889-1932)<\/div><p>Commemorative edition for the first centenary of the birth of King Manuel II (1889-1932) \/ Joaquim Ver\u00edssimo Serr\u00e3o&#8230; [et al.]. &#8211; Lisbon: Academia Portuguesa da Hist\u00f3ria, 1991. &#8211; 156, [4] p., [5] f. plates : il. ; 26 cm ISBN 972-624-089-1<br \/><b>12,50 \u20ac<\/b><\/p><div class=\"autor\"><strong>NOVOS DOCUMENTOS DOS ARQUIVOS DE WINDSOR<\/strong><\/div><p>New Documents from the Windsor Royal Archives \/ presentation and study by Ruben Andresen Leit\u00e3o. &#8211; Coimbra: [s.n.], 1958. &#8211; LXXI, [1], 371, [5] p., 13 plates : il. ; 26 cm<br \/><b>20 \u20ac<\/b><\/p><div class=\"autor\"><strong>PESTANA<\/strong>, Manuel In\u00e1cio, 1924-2004<\/div><p>Work on the Historical Archive of the House of Bragan\u00e7a by Manuel In\u00e1cio Pestana. Lisbon: Academia Portuguesa da Hist\u00f3ria, 1996. &#8211; 224 p. : 25 cm. &#8211; (Subs\u00eddios para a Hist\u00f3ria Portuguesa ; 29) ISBN 972-624-108-1<br \/><b>15 \u20ac<\/b><\/p><div class=\"autor\"><strong>PESTANA<\/strong>, Manuel In\u00e1cio, 1924-2004<\/div><p>Collection of news items over the House of Bragan\u00e7a by Manuel In\u00e1cio Pestana. &#8211; Lisbon: Academia Portuguesa da Hist\u00f3ria, 2001. &#8211; 107 p., [2] plates : il. ; 25 cm. &#8211; (Subs\u00eddios para a Hist\u00f3ria Portuguesa ; 31) ISBN 972-624-132-4<br \/><b>15 \u20ac<\/b><\/p><div class=\"autor\"><strong>PESTANA<\/strong>, Manuel In\u00e1cio, 1924-2004<\/div><p>Originals and transcripts of documents from the Archives of Casa de Bragan\u00e7a from the 13th to the 18th century collected by Manuel In\u00e1cio Pestana. Lisbon: Funda\u00e7\u00e3o da Casa de Bragan\u00e7a, 1985. &#8211; 398 p., 9 plates : il. ; 24 cm<br \/><b>9 \u20ac<\/b><\/p><div class=\"autor\"><strong>PONTE<\/strong>, Salete da<\/div><p>An analysis of metallic objects recovered at Roman necropolis in the Portalegre and \u00c9vora districts by\u00a0Salete da Ponte. &#8211; Coimbra : Universidade de Coimbra, 1986. &#8211; p. 99-129, [11] p. plates: il. ; 23 cm. &#8211; Offprint of Conimbriga, vol. XXV, 1986. &#8211; Publication sponsored by Funda\u00e7\u00e3o da Casa de Bragan\u00e7a<br \/><b>0,75 \u20ac<\/b><\/p><div class=\"autor\"><strong>PORTO<\/strong>. Bishop of, 1495-1505 (Diogo de Sousa)<\/div><p>Constitui\u00e7\u00f5ees qve fez ho senhor Dom Diogo de Sovsa B[is]po do Porto \/ foreword by Manuel Cadafaz de Matos ; introduction by Antonio Garc\u00eda y Garc\u00eda. Lisbon: T\u00e1vola Redonda, 1997. &#8211; 2 v. &#8211; No V Centen\u00e1rio da Introdu\u00e7\u00e3o da Imprensa no Porto. &#8211; Facsimile of the Porto edition printed at Rodrigo \u00c1lvares&#8217;s printing workshop in 1497 of the Incunabulum of the Ducal Palace Library at Vila Vi\u00e7osa of the Funda\u00e7\u00e3o da Casa de Bragan\u00e7a (BDMII Res. 45 Adq.). &#8211; Estudos. &#8211; 105, [2] p. &#8211; facsimile. &#8211; [6], [62], 5] p. ISBN 972-9366-12-8<br \/><b>5 \u20ac<\/b><\/p><div class=\"autor\"><strong>RODRIGUES<\/strong>, Manuel Augusto, 1936-<\/div><p>Funeral oration for the soul of the Duques of Bragan\u00e7a given at the funeral mass held at the Pantheon of Agostinhos Church by Fr. Prof. Dr. Manuel A. Rodrigues. Lisbon: Funda\u00e7\u00e3o da Casa de Bragan\u00e7a, 1974. &#8211; 35, [1] p. ; 25 cm<br \/><b>0,25 \u20ac<\/b><\/p><div class=\"autor\"><strong>SALGADO<\/strong>, Anast\u00e1sia Mestrinho<\/div><p>O Marqu\u00eas de Montemor e a sua vida p\u00fablica \/ Anast\u00e1sia Mestrinho Salgado ; Essay on the life of the Marquis of Borba by Anast\u00e1cia Mestrinho Salgado with foreword by Ab\u00edlio Jos\u00e9 salgado. Lisbon: Edi\u00e7\u00f5es Cosmos, 1997. &#8211; XV, [1] 52, [6] p., [8] p. plates : il. ; 23 cm. &#8211; (Cosmos Hist\u00f3ria ; 17) ISBN 972-762-071-X<br \/><b>6 \u20ac<\/b><\/p><div class=\"autor\"><strong>SIM\u00d5ES<\/strong>, Jo\u00e3o Miguel, 1976-<\/div><p>Borba Patrim\u00f3nio da Vila Branca \/ Essay on the heritage of the city of Borba by Jo\u00e3o Miguel Sim\u00f5es. Lisbon: Colibri \/ C\u00e2mara Municipal de Borba, 2007. \u2013 307 pp. : il.<br \/><b>20 \u20ac<\/b><\/p><div class=\"autor\"><strong>VIANA<\/strong>, Abel, 1896-1964<\/div><p>Algumas notas sobre Ant\u00f3nio Dias de Deus : e suas pesquisas arqueol\u00f3gicas no concelho de Elvas \/ Notes on the life and archaeological research of Ant\u00f3nio Dias de Deus by Abel Viana. &#8211; Beja: [s.p.], 1956. &#8211; 10 p. ; 21 cm<br \/><b>0,75 \u20ac<\/b><\/p><div class=\"autor\"><strong>VIANA<\/strong>, Abel, 1896-1964<\/div><p>Campos de urnas do concelho de Elvas : Pa\u00e7o Ducal de Vila Vi\u00e7osa materiais da sec\u00e7\u00e3o arqueol\u00f3gica \/ Essay on the items of the Archaelogy Collection at the Ducal palace by Abel Viana e Ant\u00f3nio Dias de Deus. &#8211; Coimbra: [s.p.], 1958. &#8211; [4], 61, [1] p., XXVI plates: il. ; 24 cm. &#8211; Offprint of O Instituto, vol. 118<br \/><b>2,50 \u20ac<\/b><\/p><div class=\"autor\"><strong>VINTE LIVROS DE MUSICA POLIFONICA DO PACO DUCAL DE VILA VICOSA<\/strong><\/div><p>Twenty Polyphonic Music Books from the Vila Vi\u00e7osa Ducal Palace \/ Catalogued, described and annotated by Manuel Joaquim; comment by Fr Tomaz Borba ; foreword by M\u00e1rio Sampayo Ribeiro. Lisbon: Funda\u00e7\u00e3o da Casa de Bragan\u00e7a, 1953. &#8211; XXXI, 300, [2] p., XIX plates : il. ; 26 cm. &#8211; Including abundant illustrations and followed by a musical supplement containing four previously unpublished compositions.<br \/><b>50 \u20ac<\/b><\/p><div class=\"autor\"><strong>XAVIER<\/strong>, \u00c2ngela Barreto<\/div><p>Festas que se fizeram pelo casamento do Rei D. Afonso VI \/ On the festivities held for the weeding of King Afonso VI by \u00c2ngela Barreto Xavier, Pedro Cardim and Fernando Bouza \u00c1lvarez. Lisbon: Quetzal Editores, 1996. &#8211; 90, [4] p., [30] p.il. : il. ; 25 cm. &#8211; Reproductions of 27 watercolours in the da BDM II Album Ms. XCVIII ISBN 972-564-268-6<br \/><b>30<\/b><\/p>\t\t\t\t\t<\/div>\n\t\t\t\t\t\t<\/div>\n\t\t\t\t<\/div>\n\t\t\t\t\t\t<\/div>\n\t\t\t\t\t<\/div>\n\t\t<\/div>\n\t\t\t\t\t\t\t\t<\/div>\n\t\t\t\t\t<\/div>\n\t\t<\/section>\n\t\t\t\t\t\t\t\t\t<\/div>\n\t\t\t<\/div>\n\t\t\t\t\t<\/div>\n\t\t","protected":false},"excerpt":{"rendered":"<p>Rarities On sale at the entrance of the Ducal Palace or by post (cash on delivery) ABRANTES, Ventura Ledesma, 1883-1956 O Patrim\u00f3nio da Seren\u00edssima Casa de Bragan\u00e7a em Oliven\u00e7a : seguido de apontamentos monogr\u00e1ficos e notas etnogr\u00e1ficas \/ Ventura Ledesma Abrantes; foreword by Colonel Ab\u00edlio Valdez Passos e Sousa. Lisbon: \u00c1lvaro Pinto, 1954. &#8211; 558, [&hellip;]<\/p>\n","protected":false},"author":4,"featured_media":0,"parent":0,"menu_order":0,"comment_status":"closed","ping_status":"closed","template":"elementor_header_footer","meta":[],"yoast_head":"<!-- This site is optimized with the Yoast SEO plugin v20.4 - https:\/\/yoast.com\/wordpress\/plugins\/seo\/ -->\n<title>Funda\u00e7\u00e3o da Casa de Bragan\u00e7a | Rarities<\/title>\n<meta name=\"description\" content=\"Funda\u00e7\u00e3o da Casa de Bragan\u00e7a | Click here and discover the many Rarities that we have available for purchase.\" \/>\n<meta name=\"robots\" content=\"index, follow, max-snippet:-1, max-image-preview:large, max-video-preview:-1\" \/>\n<link rel=\"canonical\" href=\"https:\/\/www.fcbraganca.pt\/en\/rarities\/\" \/>\n<meta property=\"og:locale\" content=\"en_US\" \/>\n<meta property=\"og:type\" content=\"article\" \/>\n<meta property=\"og:title\" content=\"Funda\u00e7\u00e3o da Casa de Bragan\u00e7a | Rarities\" \/>\n<meta property=\"og:description\" content=\"Funda\u00e7\u00e3o da Casa de Bragan\u00e7a | Click here and discover the many Rarities that we have available for purchase.\" \/>\n<meta property=\"og:url\" content=\"https:\/\/www.fcbraganca.pt\/en\/rarities\/\" \/>\n<meta property=\"og:site_name\" content=\"Funda\u00e7\u00e3o da Casa de Bragan\u00e7a\" \/>\n<meta property=\"article:modified_time\" content=\"2023-10-06T16:03:20+00:00\" \/>\n<meta name=\"twitter:card\" content=\"summary_large_image\" \/>\n<meta name=\"twitter:label1\" content=\"Est. reading time\" \/>\n\t<meta name=\"twitter:data1\" content=\"8 minutes\" \/>\n<script type=\"application\/ld+json\" class=\"yoast-schema-graph\">{\"@context\":\"https:\/\/schema.org\",\"@graph\":[{\"@type\":\"WebPage\",\"@id\":\"https:\/\/www.fcbraganca.pt\/en\/rarities\/\",\"url\":\"https:\/\/www.fcbraganca.pt\/en\/rarities\/\",\"name\":\"Funda\u00e7\u00e3o da Casa de Bragan\u00e7a | Rarities\",\"isPartOf\":{\"@id\":\"https:\/\/www.fcbraganca.pt\/en\/#website\"},\"datePublished\":\"2020-07-08T14:43:34+00:00\",\"dateModified\":\"2023-10-06T16:03:20+00:00\",\"description\":\"Funda\u00e7\u00e3o da Casa de Bragan\u00e7a | Click here and discover the many Rarities that we have available for purchase.\",\"breadcrumb\":{\"@id\":\"https:\/\/www.fcbraganca.pt\/en\/rarities\/#breadcrumb\"},\"inLanguage\":\"en-US\",\"potentialAction\":[{\"@type\":\"ReadAction\",\"target\":[\"https:\/\/www.fcbraganca.pt\/en\/rarities\/\"]}]},{\"@type\":\"BreadcrumbList\",\"@id\":\"https:\/\/www.fcbraganca.pt\/en\/rarities\/#breadcrumb\",\"itemListElement\":[{\"@type\":\"ListItem\",\"position\":1,\"name\":\"In\u00edcio\",\"item\":\"https:\/\/www.fcbraganca.pt\/en\/\"},{\"@type\":\"ListItem\",\"position\":2,\"name\":\"Rarities\"}]},{\"@type\":\"WebSite\",\"@id\":\"https:\/\/www.fcbraganca.pt\/en\/#website\",\"url\":\"https:\/\/www.fcbraganca.pt\/en\/\",\"name\":\"Funda\u00e7\u00e3o da Casa de Bragan\u00e7a\",\"description\":\"Funda\u00e7\u00e3o da Casa de Bragan\u00e7a\",\"publisher\":{\"@id\":\"https:\/\/www.fcbraganca.pt\/en\/#organization\"},\"potentialAction\":[{\"@type\":\"SearchAction\",\"target\":{\"@type\":\"EntryPoint\",\"urlTemplate\":\"https:\/\/www.fcbraganca.pt\/en\/?s={search_term_string}\"},\"query-input\":\"required name=search_term_string\"}],\"inLanguage\":\"en-US\"},{\"@type\":\"Organization\",\"@id\":\"https:\/\/www.fcbraganca.pt\/en\/#organization\",\"name\":\"Funda\u00e7\u00e3o da Casa de Bragan\u00e7a\",\"url\":\"https:\/\/www.fcbraganca.pt\/en\/\",\"logo\":{\"@type\":\"ImageObject\",\"inLanguage\":\"en-US\",\"@id\":\"https:\/\/www.fcbraganca.pt\/en\/#\/schema\/logo\/image\/\",\"url\":\"https:\/\/www.fcbraganca.pt\/wp-content\/uploads\/2019\/07\/logo_int3.jpg\",\"contentUrl\":\"https:\/\/www.fcbraganca.pt\/wp-content\/uploads\/2019\/07\/logo_int3.jpg\",\"width\":261,\"height\":92,\"caption\":\"Funda\u00e7\u00e3o da Casa de Bragan\u00e7a\"},\"image\":{\"@id\":\"https:\/\/www.fcbraganca.pt\/en\/#\/schema\/logo\/image\/\"}}]}<\/script>\n<!-- \/ Yoast SEO plugin. -->","yoast_head_json":{"title":"Funda\u00e7\u00e3o da Casa de Bragan\u00e7a | Rarities","description":"Funda\u00e7\u00e3o da Casa de Bragan\u00e7a | Click here and discover the many Rarities that we have available for purchase.","robots":{"index":"index","follow":"follow","max-snippet":"max-snippet:-1","max-image-preview":"max-image-preview:large","max-video-preview":"max-video-preview:-1"},"canonical":"https:\/\/www.fcbraganca.pt\/en\/rarities\/","og_locale":"en_US","og_type":"article","og_title":"Funda\u00e7\u00e3o da Casa de Bragan\u00e7a | Rarities","og_description":"Funda\u00e7\u00e3o da Casa de Bragan\u00e7a | Click here and discover the many Rarities that we have available for purchase.","og_url":"https:\/\/www.fcbraganca.pt\/en\/rarities\/","og_site_name":"Funda\u00e7\u00e3o da Casa de Bragan\u00e7a","article_modified_time":"2023-10-06T16:03:20+00:00","twitter_card":"summary_large_image","twitter_misc":{"Est. reading time":"8 minutes"},"schema":{"@context":"https:\/\/schema.org","@graph":[{"@type":"WebPage","@id":"https:\/\/www.fcbraganca.pt\/en\/rarities\/","url":"https:\/\/www.fcbraganca.pt\/en\/rarities\/","name":"Funda\u00e7\u00e3o da Casa de Bragan\u00e7a | Rarities","isPartOf":{"@id":"https:\/\/www.fcbraganca.pt\/en\/#website"},"datePublished":"2020-07-08T14:43:34+00:00","dateModified":"2023-10-06T16:03:20+00:00","description":"Funda\u00e7\u00e3o da Casa de Bragan\u00e7a | Click here and discover the many Rarities that we have available for purchase.","breadcrumb":{"@id":"https:\/\/www.fcbraganca.pt\/en\/rarities\/#breadcrumb"},"inLanguage":"en-US","potentialAction":[{"@type":"ReadAction","target":["https:\/\/www.fcbraganca.pt\/en\/rarities\/"]}]},{"@type":"BreadcrumbList","@id":"https:\/\/www.fcbraganca.pt\/en\/rarities\/#breadcrumb","itemListElement":[{"@type":"ListItem","position":1,"name":"In\u00edcio","item":"https:\/\/www.fcbraganca.pt\/en\/"},{"@type":"ListItem","position":2,"name":"Rarities"}]},{"@type":"WebSite","@id":"https:\/\/www.fcbraganca.pt\/en\/#website","url":"https:\/\/www.fcbraganca.pt\/en\/","name":"Funda\u00e7\u00e3o da Casa de Bragan\u00e7a","description":"Funda\u00e7\u00e3o da Casa de Bragan\u00e7a","publisher":{"@id":"https:\/\/www.fcbraganca.pt\/en\/#organization"},"potentialAction":[{"@type":"SearchAction","target":{"@type":"EntryPoint","urlTemplate":"https:\/\/www.fcbraganca.pt\/en\/?s={search_term_string}"},"query-input":"required name=search_term_string"}],"inLanguage":"en-US"},{"@type":"Organization","@id":"https:\/\/www.fcbraganca.pt\/en\/#organization","name":"Funda\u00e7\u00e3o da Casa de Bragan\u00e7a","url":"https:\/\/www.fcbraganca.pt\/en\/","logo":{"@type":"ImageObject","inLanguage":"en-US","@id":"https:\/\/www.fcbraganca.pt\/en\/#\/schema\/logo\/image\/","url":"https:\/\/www.fcbraganca.pt\/wp-content\/uploads\/2019\/07\/logo_int3.jpg","contentUrl":"https:\/\/www.fcbraganca.pt\/wp-content\/uploads\/2019\/07\/logo_int3.jpg","width":261,"height":92,"caption":"Funda\u00e7\u00e3o da Casa de Bragan\u00e7a"},"image":{"@id":"https:\/\/www.fcbraganca.pt\/en\/#\/schema\/logo\/image\/"}}]}},"_links":{"self":[{"href":"https:\/\/www.fcbraganca.pt\/en\/wp-json\/wp\/v2\/pages\/13028"}],"collection":[{"href":"https:\/\/www.fcbraganca.pt\/en\/wp-json\/wp\/v2\/pages"}],"about":[{"href":"https:\/\/www.fcbraganca.pt\/en\/wp-json\/wp\/v2\/types\/page"}],"author":[{"embeddable":true,"href":"https:\/\/www.fcbraganca.pt\/en\/wp-json\/wp\/v2\/users\/4"}],"replies":[{"embeddable":true,"href":"https:\/\/www.fcbraganca.pt\/en\/wp-json\/wp\/v2\/comments?post=13028"}],"version-history":[{"count":4,"href":"https:\/\/www.fcbraganca.pt\/en\/wp-json\/wp\/v2\/pages\/13028\/revisions"}],"predecessor-version":[{"id":15651,"href":"https:\/\/www.fcbraganca.pt\/en\/wp-json\/wp\/v2\/pages\/13028\/revisions\/15651"}],"wp:attachment":[{"href":"https:\/\/www.fcbraganca.pt\/en\/wp-json\/wp\/v2\/media?parent=13028"}],"curies":[{"name":"wp","href":"https:\/\/api.w.org\/{rel}","templated":true}]}}