{"id":8934,"date":"2020-01-16T18:06:56","date_gmt":"2020-01-16T18:06:56","guid":{"rendered":"https:\/\/www.fcbraganca.pt\/?page_id=8934"},"modified":"2026-04-14T16:14:14","modified_gmt":"2026-04-14T16:14:14","slug":"legal-information","status":"publish","type":"page","link":"https:\/\/www.fcbraganca.pt\/en\/the-foundation\/legal-information\/","title":{"rendered":"Legal Information"},"content":{"rendered":"\t\t<div data-elementor-type=\"wp-post\" data-elementor-id=\"8934\" class=\"elementor elementor-8934 elementor-5992\">\n\t\t\t\t\t\t<div class=\"elementor-inner\">\n\t\t\t\t<div class=\"elementor-section-wrap\">\n\t\t\t\t\t\t\t\t\t<section class=\"elementor-section elementor-top-section elementor-element elementor-element-87b6ee7 elementor-section-full_width elementor-section-height-default elementor-section-height-default\" data-id=\"87b6ee7\" data-element_type=\"section\">\n\t\t\t\t\t\t<div class=\"elementor-container elementor-column-gap-default\">\n\t\t\t\t\t\t\t<div class=\"elementor-row\">\n\t\t\t\t\t<div class=\"elementor-column elementor-col-100 elementor-top-column elementor-element elementor-element-96fa290\" data-id=\"96fa290\" data-element_type=\"column\" data-settings=\"{&quot;background_background&quot;:&quot;classic&quot;}\">\n\t\t\t<div class=\"elementor-column-wrap elementor-element-populated\">\n\t\t\t\t\t\t\t<div class=\"elementor-widget-wrap\">\n\t\t\t\t\t\t<div class=\"elementor-element elementor-element-62bd1ae elementor-widget elementor-widget-ova_heading_page\" data-id=\"62bd1ae\" data-element_type=\"widget\" data-widget_type=\"ova_heading_page.default\">\n\t\t\t\t<div class=\"elementor-widget-container\">\n\t\t\t\n\t\t<section class=\"heading-page\" style=\"background-image: url(https:\/\/www.fcbraganca.pt\/wp-content\/uploads\/2019\/07\/fundacao_header_2.jpg)\" >\n\t\t\t<div class=\"container\">\n\t\t\t\t<div class=\"cta-content\">\n\t\t\t\t\t\t\t\t\t\t\t<h2 class=\"second_font\">Legal Information<\/h2>\n\t\t\t\t\t\t\t\t\t\t\n\t\t\t\t<\/div>\n\t\t\t<\/div>\n\t\t<\/section>\n\n\t\t\t<\/div>\n\t\t\t\t<\/div>\n\t\t\t\t\t\t<\/div>\n\t\t\t\t\t<\/div>\n\t\t<\/div>\n\t\t\t\t\t\t\t\t<\/div>\n\t\t\t\t\t<\/div>\n\t\t<\/section>\n\t\t\t\t<section class=\"elementor-section elementor-top-section elementor-element elementor-element-b4b1fae elementor-section-boxed elementor-section-height-default elementor-section-height-default\" data-id=\"b4b1fae\" data-element_type=\"section\">\n\t\t\t\t\t\t<div class=\"elementor-container elementor-column-gap-default\">\n\t\t\t\t\t\t\t<div class=\"elementor-row\">\n\t\t\t\t\t<div class=\"elementor-column elementor-col-100 elementor-top-column elementor-element elementor-element-fe3f26b\" data-id=\"fe3f26b\" data-element_type=\"column\">\n\t\t\t<div class=\"elementor-column-wrap elementor-element-populated\">\n\t\t\t\t\t\t\t<div class=\"elementor-widget-wrap\">\n\t\t\t\t\t\t<div class=\"elementor-element elementor-element-d93acff elementor-widget elementor-widget-heading\" data-id=\"d93acff\" data-element_type=\"widget\" data-widget_type=\"heading.default\">\n\t\t\t\t<div class=\"elementor-widget-container\">\n\t\t\t<h1 class=\"elementor-heading-title elementor-size-medium\">Funda\u00e7\u00e3o da Casa de Bragan\u00e7a Legal Information<\/h1>\t\t<\/div>\n\t\t\t\t<\/div>\n\t\t\t\t\t\t<\/div>\n\t\t\t\t\t<\/div>\n\t\t<\/div>\n\t\t\t\t\t\t\t\t<\/div>\n\t\t\t\t\t<\/div>\n\t\t<\/section>\n\t\t\t\t<section class=\"elementor-section elementor-top-section elementor-element elementor-element-2205835 elementor-section-boxed elementor-section-height-default elementor-section-height-default\" data-id=\"2205835\" data-element_type=\"section\">\n\t\t\t\t\t\t<div class=\"elementor-container elementor-column-gap-default\">\n\t\t\t\t\t\t\t<div class=\"elementor-row\">\n\t\t\t\t\t<div class=\"elementor-column elementor-col-100 elementor-top-column elementor-element elementor-element-c1ff6c3\" data-id=\"c1ff6c3\" data-element_type=\"column\">\n\t\t\t<div class=\"elementor-column-wrap elementor-element-populated\">\n\t\t\t\t\t\t\t<div class=\"elementor-widget-wrap\">\n\t\t\t\t\t\t<div class=\"elementor-element elementor-element-78821b0 elementor-widget elementor-widget-toggle\" data-id=\"78821b0\" data-element_type=\"widget\" data-widget_type=\"toggle.default\">\n\t\t\t\t<div class=\"elementor-widget-container\">\n\t\t\t\t\t<div class=\"elementor-toggle\" role=\"tablist\">\n\t\t\t\t\t\t\t<div class=\"elementor-toggle-item\">\n\t\t\t\t\t<div id=\"elementor-tab-title-1261\" class=\"elementor-tab-title\" data-tab=\"1\" role=\"tab\" aria-controls=\"elementor-tab-content-1261\" aria-expanded=\"false\">\n\t\t\t\t\t\t\t\t\t\t\t\t<span class=\"elementor-toggle-icon elementor-toggle-icon-left\" aria-hidden=\"true\">\n\t\t\t\t\t\t\t\t\t\t\t\t\t\t\t<span class=\"elementor-toggle-icon-closed\"><i class=\"fas fa-caret-right\"><\/i><\/span>\n\t\t\t\t\t\t\t\t<span class=\"elementor-toggle-icon-opened\"><i class=\"elementor-toggle-icon-opened fas fa-caret-up\"><\/i><\/span>\n\t\t\t\t\t\t\t\t\t\t\t\t\t<\/span>\n\t\t\t\t\t\t\t\t\t\t\t\t<a href=\"\" class=\"elementor-toggle-title\">Institution and functioning of the FCB<\/a>\n\t\t\t\t\t<\/div>\n\n\t\t\t\t\t<div id=\"elementor-tab-content-1261\" class=\"elementor-tab-content elementor-clearfix\" data-tab=\"1\" role=\"tabpanel\" aria-labelledby=\"elementor-tab-title-1261\"><ul><li><a href=\"https:\/\/www.fcbraganca.pt\/wp-content\/uploads\/2019\/07\/FUNDACAO-DA-CASA-DE-BRAGANCA-Novos-Estatutos.pdf\" target=\"_blank\" rel=\"noopener\">Statutes<\/a><\/li><li><a href=\"https:\/\/www.fcbraganca.pt\/wp-content\/uploads\/2019\/07\/FCB_RenovacaoUtilidadePublica_15Dez2020-1.pdf\" target=\"_blank\" rel=\"noopener\">Public Utility Statutes<\/a><\/li><li><a href=\"https:\/\/www.fcbraganca.pt\/wp-content\/uploads\/Codigo-de-Conduta-Revisto_Final.pdf\" target=\"_blank\" rel=\"noopener\">Code of Conduct<\/a><\/li><li><a href=\"https:\/\/www.fcbraganca.pt\/wp-content\/uploads\/PPR_Final.pdf\" target=\"_blank\" rel=\"noopener\">Anti-Corruption Policy<\/a><\/li><li><a href=\"https:\/\/www.fcbraganca.pt\/wp-content\/uploads\/CanalDenuncia_FAQs-_Final.pdf\" target=\"_blank\" rel=\"noopener\">Whistleblowing Channel &#8211; FAQs<\/a><\/li><\/ul><\/div>\n\t\t\t\t<\/div>\n\t\t\t\t\t\t\t<div class=\"elementor-toggle-item\">\n\t\t\t\t\t<div id=\"elementor-tab-title-1262\" class=\"elementor-tab-title\" data-tab=\"2\" role=\"tab\" aria-controls=\"elementor-tab-content-1262\" aria-expanded=\"false\">\n\t\t\t\t\t\t\t\t\t\t\t\t<span class=\"elementor-toggle-icon elementor-toggle-icon-left\" aria-hidden=\"true\">\n\t\t\t\t\t\t\t\t\t\t\t\t\t\t\t<span class=\"elementor-toggle-icon-closed\"><i class=\"fas fa-caret-right\"><\/i><\/span>\n\t\t\t\t\t\t\t\t<span class=\"elementor-toggle-icon-opened\"><i class=\"elementor-toggle-icon-opened fas fa-caret-up\"><\/i><\/span>\n\t\t\t\t\t\t\t\t\t\t\t\t\t<\/span>\n\t\t\t\t\t\t\t\t\t\t\t\t<a href=\"\" class=\"elementor-toggle-title\">Patrimony<\/a>\n\t\t\t\t\t<\/div>\n\n\t\t\t\t\t<div id=\"elementor-tab-content-1262\" class=\"elementor-tab-content elementor-clearfix\" data-tab=\"2\" role=\"tabpanel\" aria-labelledby=\"elementor-tab-title-1262\"><ul><li><a href=\"\/wp-content\/uploads\/2019\/07\/patrimonio-social.pdf\" target=\"_blank\" rel=\"noopener\">Description of the Patrimony<\/a><\/li><\/ul><\/div>\n\t\t\t\t<\/div>\n\t\t\t\t\t\t\t<div class=\"elementor-toggle-item\">\n\t\t\t\t\t<div id=\"elementor-tab-title-1263\" class=\"elementor-tab-title\" data-tab=\"3\" role=\"tab\" aria-controls=\"elementor-tab-content-1263\" aria-expanded=\"false\">\n\t\t\t\t\t\t\t\t\t\t\t\t<span class=\"elementor-toggle-icon elementor-toggle-icon-left\" aria-hidden=\"true\">\n\t\t\t\t\t\t\t\t\t\t\t\t\t\t\t<span class=\"elementor-toggle-icon-closed\"><i class=\"fas fa-caret-right\"><\/i><\/span>\n\t\t\t\t\t\t\t\t<span class=\"elementor-toggle-icon-opened\"><i class=\"elementor-toggle-icon-opened fas fa-caret-up\"><\/i><\/span>\n\t\t\t\t\t\t\t\t\t\t\t\t\t<\/span>\n\t\t\t\t\t\t\t\t\t\t\t\t<a href=\"\" class=\"elementor-toggle-title\">Governing Bodies<\/a>\n\t\t\t\t\t<\/div>\n\n\t\t\t\t\t<div id=\"elementor-tab-content-1263\" class=\"elementor-tab-content elementor-clearfix\" data-tab=\"3\" role=\"tabpanel\" aria-labelledby=\"elementor-tab-title-1263\"><ul><li><a class=\"elementor-toggle-title\" href=\"\/wp-content\/uploads\/Orgaos_da_Fundacao2025-1.pdf\" target=\"_blank\" rel=\"noopener\">Governing Bodies<\/a><\/li><\/ul><\/div>\n\t\t\t\t<\/div>\n\t\t\t\t\t\t\t<div class=\"elementor-toggle-item\">\n\t\t\t\t\t<div id=\"elementor-tab-title-1264\" class=\"elementor-tab-title\" data-tab=\"4\" role=\"tab\" aria-controls=\"elementor-tab-content-1264\" aria-expanded=\"false\">\n\t\t\t\t\t\t\t\t\t\t\t\t<span class=\"elementor-toggle-icon elementor-toggle-icon-left\" aria-hidden=\"true\">\n\t\t\t\t\t\t\t\t\t\t\t\t\t\t\t<span class=\"elementor-toggle-icon-closed\"><i class=\"fas fa-caret-right\"><\/i><\/span>\n\t\t\t\t\t\t\t\t<span class=\"elementor-toggle-icon-opened\"><i class=\"elementor-toggle-icon-opened fas fa-caret-up\"><\/i><\/span>\n\t\t\t\t\t\t\t\t\t\t\t\t\t<\/span>\n\t\t\t\t\t\t\t\t\t\t\t\t<a href=\"\" class=\"elementor-toggle-title\">Collaborators of FCB<\/a>\n\t\t\t\t\t<\/div>\n\n\t\t\t\t\t<div id=\"elementor-tab-content-1264\" class=\"elementor-tab-content elementor-clearfix\" data-tab=\"4\" role=\"tabpanel\" aria-labelledby=\"elementor-tab-title-1264\"><ul><li><a href=\"\/wp-content\/uploads\/2019\/07\/N\u00famero-de-Colaboradores.pdf\" target=\"_blank\" rel=\"noopener\">Number of Collaborators<\/a><\/li><\/ul><\/div>\n\t\t\t\t<\/div>\n\t\t\t\t\t\t\t<div class=\"elementor-toggle-item\">\n\t\t\t\t\t<div id=\"elementor-tab-title-1265\" class=\"elementor-tab-title\" data-tab=\"5\" role=\"tab\" aria-controls=\"elementor-tab-content-1265\" aria-expanded=\"false\">\n\t\t\t\t\t\t\t\t\t\t\t\t<span class=\"elementor-toggle-icon elementor-toggle-icon-left\" aria-hidden=\"true\">\n\t\t\t\t\t\t\t\t\t\t\t\t\t\t\t<span class=\"elementor-toggle-icon-closed\"><i class=\"fas fa-caret-right\"><\/i><\/span>\n\t\t\t\t\t\t\t\t<span class=\"elementor-toggle-icon-opened\"><i class=\"elementor-toggle-icon-opened fas fa-caret-up\"><\/i><\/span>\n\t\t\t\t\t\t\t\t\t\t\t\t\t<\/span>\n\t\t\t\t\t\t\t\t\t\t\t\t<a href=\"\" class=\"elementor-toggle-title\">Reports and Accounts<\/a>\n\t\t\t\t\t<\/div>\n\n\t\t\t\t\t<div id=\"elementor-tab-content-1265\" class=\"elementor-tab-content elementor-clearfix\" data-tab=\"5\" role=\"tabpanel\" aria-labelledby=\"elementor-tab-title-1265\"><ul><li><a href=\"https:\/\/www.fcbraganca.pt\/wp-content\/uploads\/FCB_Relatorio-de-Atividades-e-Contas_2025_aprovado-JCB.pdf\" target=\"_blank\" rel=\"noopener\">Report and Accounts 2025<\/a><\/li><li><a href=\"https:\/\/www.fcbraganca.pt\/wp-content\/uploads\/FCB_Relatorio-e-Parecer-do-Fiscal-Unico_2025.pdf\" target=\"_blank\" rel=\"noopener\">Certification of accounts and Annual Report of the ROC 2025<\/a><\/li><li><a href=\"https:\/\/www.fcbraganca.pt\/wp-content\/uploads\/FCB_Relatorio-de-Atividades-e-Contas_2024_aprovado-JCB.pdf\" target=\"_blank\" rel=\"noopener\">Report and Accounts 2024<\/a><\/li><li><a href=\"https:\/\/www.fcbraganca.pt\/wp-content\/uploads\/FCB_Relatorio-e-Parecer-do-Fiscal-Unico_2024.pdf\" target=\"_blank\" rel=\"noopener\">Certification of accounts and Annual Report of the ROC 2024<\/a><\/li><li><a href=\"\/wp-content\/uploads\/RC2023_aprovado-Junta.pdf\" target=\"_blank\" rel=\"noopener\">Report and Accounts 2023<\/a><\/li><li><a href=\"\/wp-content\/uploads\/FCB_exercicio-2023_Certificacao-Legal-das-Contas-Relatorio-e-Parecer-do-Fiscal-Unico.pdf\" target=\"_blank\" rel=\"noopener\">Certification of accounts and Annual Report of the ROC 2023<\/a><\/li><li><a href=\"https:\/\/www.fcbraganca.pt\/wp-content\/uploads\/2019\/07\/Relato\u0301rio-de-Atividades-e-Contas_2022_aprovado-JCB.pdf\" target=\"_blank\" rel=\"noopener\">Report and Accounts 2022<\/a><\/li><li><a href=\"https:\/\/www.fcbraganca.pt\/wp-content\/uploads\/2019\/07\/FCB_CLCROC_2022.pdf\" target=\"_blank\" rel=\"noopener\">Certification of accounts and Annual Report of the ROC 2022<\/a><\/li><\/ul><\/div>\n\t\t\t\t<\/div>\n\t\t\t\t\t\t\t<div class=\"elementor-toggle-item\">\n\t\t\t\t\t<div id=\"elementor-tab-title-1266\" class=\"elementor-tab-title\" data-tab=\"6\" role=\"tab\" aria-controls=\"elementor-tab-content-1266\" aria-expanded=\"false\">\n\t\t\t\t\t\t\t\t\t\t\t\t<span class=\"elementor-toggle-icon elementor-toggle-icon-left\" aria-hidden=\"true\">\n\t\t\t\t\t\t\t\t\t\t\t\t\t\t\t<span class=\"elementor-toggle-icon-closed\"><i class=\"fas fa-caret-right\"><\/i><\/span>\n\t\t\t\t\t\t\t\t<span class=\"elementor-toggle-icon-opened\"><i class=\"elementor-toggle-icon-opened fas fa-caret-up\"><\/i><\/span>\n\t\t\t\t\t\t\t\t\t\t\t\t\t<\/span>\n\t\t\t\t\t\t\t\t\t\t\t\t<a href=\"\" class=\"elementor-toggle-title\">Financial support received<\/a>\n\t\t\t\t\t<\/div>\n\n\t\t\t\t\t<div id=\"elementor-tab-content-1266\" class=\"elementor-tab-content elementor-clearfix\" data-tab=\"6\" role=\"tabpanel\" aria-labelledby=\"elementor-tab-title-1266\"><ul><li><a href=\"https:\/\/www.fcbraganca.pt\/wp-content\/uploads\/Apoios-Recebidos_2024.pdf\" target=\"_blank\" rel=\"noopener\">Description of the support received<\/a><\/li><\/ul><\/div>\n\t\t\t\t<\/div>\n\t\t\t\t\t\t\t<div class=\"elementor-toggle-item\">\n\t\t\t\t\t<div id=\"elementor-tab-title-1267\" class=\"elementor-tab-title\" data-tab=\"7\" role=\"tab\" aria-controls=\"elementor-tab-content-1267\" aria-expanded=\"false\">\n\t\t\t\t\t\t\t\t\t\t\t\t<span class=\"elementor-toggle-icon elementor-toggle-icon-left\" aria-hidden=\"true\">\n\t\t\t\t\t\t\t\t\t\t\t\t\t\t\t<span class=\"elementor-toggle-icon-closed\"><i class=\"fas fa-caret-right\"><\/i><\/span>\n\t\t\t\t\t\t\t\t<span class=\"elementor-toggle-icon-opened\"><i class=\"elementor-toggle-icon-opened fas fa-caret-up\"><\/i><\/span>\n\t\t\t\t\t\t\t\t\t\t\t\t\t<\/span>\n\t\t\t\t\t\t\t\t\t\t\t\t<a href=\"\" class=\"elementor-toggle-title\">Legislation<\/a>\n\t\t\t\t\t<\/div>\n\n\t\t\t\t\t<div id=\"elementor-tab-content-1267\" class=\"elementor-tab-content elementor-clearfix\" data-tab=\"7\" role=\"tabpanel\" aria-labelledby=\"elementor-tab-title-1267\"><ul><li><a href=\"\/wp-content\/uploads\/2019\/07\/NovaLeiQuadroFundacoes_Lei67_2021.pdf\" target=\"_blank\" rel=\"noopener\">Lei-Quadro das Funda\u00e7\u00f5es<\/a><\/li><li><a href=\"\/wp-content\/uploads\/2019\/07\/EstatutoUtilidadePublica.pdf\" target=\"_blank\" rel=\"noopener\">Lei-Quadro do Estatuto de Utilidade P\u00fablica<\/a><\/li><\/ul><\/div>\n\t\t\t\t<\/div>\n\t\t\t\t\t\t\t<div class=\"elementor-toggle-item\">\n\t\t\t\t\t<div id=\"elementor-tab-title-1268\" class=\"elementor-tab-title\" data-tab=\"8\" role=\"tab\" aria-controls=\"elementor-tab-content-1268\" aria-expanded=\"false\">\n\t\t\t\t\t\t\t\t\t\t\t\t<span class=\"elementor-toggle-icon elementor-toggle-icon-left\" aria-hidden=\"true\">\n\t\t\t\t\t\t\t\t\t\t\t\t\t\t\t<span class=\"elementor-toggle-icon-closed\"><i class=\"fas fa-caret-right\"><\/i><\/span>\n\t\t\t\t\t\t\t\t<span class=\"elementor-toggle-icon-opened\"><i class=\"elementor-toggle-icon-opened fas fa-caret-up\"><\/i><\/span>\n\t\t\t\t\t\t\t\t\t\t\t\t\t<\/span>\n\t\t\t\t\t\t\t\t\t\t\t\t<a href=\"\" class=\"elementor-toggle-title\">Internships<\/a>\n\t\t\t\t\t<\/div>\n\n\t\t\t\t\t<div id=\"elementor-tab-content-1268\" class=\"elementor-tab-content elementor-clearfix\" data-tab=\"8\" role=\"tabpanel\" aria-labelledby=\"elementor-tab-title-1268\"><ul><li style=\"list-style-type: none\"><ul><li><a href=\"\/wp-content\/uploads\/6_Estagios-Prof._Cartaz-Entidades_DR-Norte-Centro-Lisboa-Alentejo.pdf\" target=\"_blank\" rel=\"noopener\">Est\u00e1gio Ativar<\/a><\/li><\/ul><\/li><\/ul><p>\u00a0<\/p><\/div>\n\t\t\t\t<\/div>\n\t\t\t\t\t\t\t\t<\/div>\n\t\t\t\t<\/div>\n\t\t\t\t<\/div>\n\t\t\t\t\t\t<\/div>\n\t\t\t\t\t<\/div>\n\t\t<\/div>\n\t\t\t\t\t\t\t\t<\/div>\n\t\t\t\t\t<\/div>\n\t\t<\/section>\n\t\t\t\t\t\t\t\t\t<\/div>\n\t\t\t<\/div>\n\t\t\t\t\t<\/div>\n\t\t","protected":false},"excerpt":{"rendered":"<p>Legal Information Funda\u00e7\u00e3o da Casa de Bragan\u00e7a Legal Information Institution and functioning of the FCB Statutes Public Utility Statutes Code of Conduct Anti-Corruption Policy Whistleblowing Channel &#8211; FAQs Patrimony Description of the Patrimony Governing Bodies Governing Bodies Collaborators of FCB Number of Collaborators Reports and Accounts Report and Accounts 2025 Certification of accounts and Annual [&hellip;]<\/p>\n","protected":false},"author":2,"featured_media":0,"parent":133,"menu_order":0,"comment_status":"closed","ping_status":"closed","template":"elementor_header_footer","meta":[],"yoast_head":"<!-- This site is optimized with the Yoast SEO plugin v20.4 - https:\/\/yoast.com\/wordpress\/plugins\/seo\/ -->\n<title>Funda\u00e7\u00e3o da Casa de Bragan\u00e7a | Legal Information<\/title>\n<meta name=\"description\" content=\"FCB | Click here and discover all the legal information related to the Funda\u00e7\u00e3o da Casa de Bragan\u00e7a, from Patrimony to Legislation, and more.\" \/>\n<meta name=\"robots\" content=\"index, follow, max-snippet:-1, max-image-preview:large, max-video-preview:-1\" \/>\n<link rel=\"canonical\" href=\"https:\/\/www.fcbraganca.pt\/en\/the-foundation\/legal-information\/\" \/>\n<meta property=\"og:locale\" content=\"en_US\" \/>\n<meta property=\"og:type\" content=\"article\" \/>\n<meta property=\"og:title\" content=\"Funda\u00e7\u00e3o da Casa de Bragan\u00e7a | Legal Information\" \/>\n<meta property=\"og:description\" content=\"FCB | Click here and discover all the legal information related to the Funda\u00e7\u00e3o da Casa de Bragan\u00e7a, from Patrimony to Legislation, and more.\" \/>\n<meta property=\"og:url\" content=\"https:\/\/www.fcbraganca.pt\/en\/the-foundation\/legal-information\/\" \/>\n<meta property=\"og:site_name\" content=\"Funda\u00e7\u00e3o da Casa de Bragan\u00e7a\" \/>\n<meta property=\"article:modified_time\" content=\"2026-04-14T16:14:14+00:00\" \/>\n<meta name=\"twitter:card\" content=\"summary_large_image\" \/>\n<meta name=\"twitter:label1\" content=\"Est. reading time\" \/>\n\t<meta name=\"twitter:data1\" content=\"1 minute\" \/>\n<script type=\"application\/ld+json\" class=\"yoast-schema-graph\">{\"@context\":\"https:\/\/schema.org\",\"@graph\":[{\"@type\":\"WebPage\",\"@id\":\"https:\/\/www.fcbraganca.pt\/en\/the-foundation\/legal-information\/\",\"url\":\"https:\/\/www.fcbraganca.pt\/en\/the-foundation\/legal-information\/\",\"name\":\"Funda\u00e7\u00e3o da Casa de Bragan\u00e7a | Legal Information\",\"isPartOf\":{\"@id\":\"https:\/\/www.fcbraganca.pt\/en\/#website\"},\"datePublished\":\"2020-01-16T18:06:56+00:00\",\"dateModified\":\"2026-04-14T16:14:14+00:00\",\"description\":\"FCB | Click here and discover all the legal information related to the Funda\u00e7\u00e3o da Casa de Bragan\u00e7a, from Patrimony to Legislation, and more.\",\"breadcrumb\":{\"@id\":\"https:\/\/www.fcbraganca.pt\/en\/the-foundation\/legal-information\/#breadcrumb\"},\"inLanguage\":\"en-US\",\"potentialAction\":[{\"@type\":\"ReadAction\",\"target\":[\"https:\/\/www.fcbraganca.pt\/en\/the-foundation\/legal-information\/\"]}]},{\"@type\":\"BreadcrumbList\",\"@id\":\"https:\/\/www.fcbraganca.pt\/en\/the-foundation\/legal-information\/#breadcrumb\",\"itemListElement\":[{\"@type\":\"ListItem\",\"position\":1,\"name\":\"In\u00edcio\",\"item\":\"https:\/\/www.fcbraganca.pt\/en\/\"},{\"@type\":\"ListItem\",\"position\":2,\"name\":\"The Foundation\",\"item\":\"https:\/\/www.fcbraganca.pt\/en\/the-foundation\/\"},{\"@type\":\"ListItem\",\"position\":3,\"name\":\"Legal Information\"}]},{\"@type\":\"WebSite\",\"@id\":\"https:\/\/www.fcbraganca.pt\/en\/#website\",\"url\":\"https:\/\/www.fcbraganca.pt\/en\/\",\"name\":\"Funda\u00e7\u00e3o da Casa de Bragan\u00e7a\",\"description\":\"Funda\u00e7\u00e3o da Casa de Bragan\u00e7a\",\"publisher\":{\"@id\":\"https:\/\/www.fcbraganca.pt\/en\/#organization\"},\"potentialAction\":[{\"@type\":\"SearchAction\",\"target\":{\"@type\":\"EntryPoint\",\"urlTemplate\":\"https:\/\/www.fcbraganca.pt\/en\/?s={search_term_string}\"},\"query-input\":\"required name=search_term_string\"}],\"inLanguage\":\"en-US\"},{\"@type\":\"Organization\",\"@id\":\"https:\/\/www.fcbraganca.pt\/en\/#organization\",\"name\":\"Funda\u00e7\u00e3o da Casa de Bragan\u00e7a\",\"url\":\"https:\/\/www.fcbraganca.pt\/en\/\",\"logo\":{\"@type\":\"ImageObject\",\"inLanguage\":\"en-US\",\"@id\":\"https:\/\/www.fcbraganca.pt\/en\/#\/schema\/logo\/image\/\",\"url\":\"https:\/\/www.fcbraganca.pt\/wp-content\/uploads\/2019\/07\/logo_int3.jpg\",\"contentUrl\":\"https:\/\/www.fcbraganca.pt\/wp-content\/uploads\/2019\/07\/logo_int3.jpg\",\"width\":261,\"height\":92,\"caption\":\"Funda\u00e7\u00e3o da Casa de Bragan\u00e7a\"},\"image\":{\"@id\":\"https:\/\/www.fcbraganca.pt\/en\/#\/schema\/logo\/image\/\"}}]}<\/script>\n<!-- \/ Yoast SEO plugin. -->","yoast_head_json":{"title":"Funda\u00e7\u00e3o da Casa de Bragan\u00e7a | Legal Information","description":"FCB | Click here and discover all the legal information related to the Funda\u00e7\u00e3o da Casa de Bragan\u00e7a, from Patrimony to Legislation, and more.","robots":{"index":"index","follow":"follow","max-snippet":"max-snippet:-1","max-image-preview":"max-image-preview:large","max-video-preview":"max-video-preview:-1"},"canonical":"https:\/\/www.fcbraganca.pt\/en\/the-foundation\/legal-information\/","og_locale":"en_US","og_type":"article","og_title":"Funda\u00e7\u00e3o da Casa de Bragan\u00e7a | Legal Information","og_description":"FCB | Click here and discover all the legal information related to the Funda\u00e7\u00e3o da Casa de Bragan\u00e7a, from Patrimony to Legislation, and more.","og_url":"https:\/\/www.fcbraganca.pt\/en\/the-foundation\/legal-information\/","og_site_name":"Funda\u00e7\u00e3o da Casa de Bragan\u00e7a","article_modified_time":"2026-04-14T16:14:14+00:00","twitter_card":"summary_large_image","twitter_misc":{"Est. reading time":"1 minute"},"schema":{"@context":"https:\/\/schema.org","@graph":[{"@type":"WebPage","@id":"https:\/\/www.fcbraganca.pt\/en\/the-foundation\/legal-information\/","url":"https:\/\/www.fcbraganca.pt\/en\/the-foundation\/legal-information\/","name":"Funda\u00e7\u00e3o da Casa de Bragan\u00e7a | Legal Information","isPartOf":{"@id":"https:\/\/www.fcbraganca.pt\/en\/#website"},"datePublished":"2020-01-16T18:06:56+00:00","dateModified":"2026-04-14T16:14:14+00:00","description":"FCB | Click here and discover all the legal information related to the Funda\u00e7\u00e3o da Casa de Bragan\u00e7a, from Patrimony to Legislation, and more.","breadcrumb":{"@id":"https:\/\/www.fcbraganca.pt\/en\/the-foundation\/legal-information\/#breadcrumb"},"inLanguage":"en-US","potentialAction":[{"@type":"ReadAction","target":["https:\/\/www.fcbraganca.pt\/en\/the-foundation\/legal-information\/"]}]},{"@type":"BreadcrumbList","@id":"https:\/\/www.fcbraganca.pt\/en\/the-foundation\/legal-information\/#breadcrumb","itemListElement":[{"@type":"ListItem","position":1,"name":"In\u00edcio","item":"https:\/\/www.fcbraganca.pt\/en\/"},{"@type":"ListItem","position":2,"name":"The Foundation","item":"https:\/\/www.fcbraganca.pt\/en\/the-foundation\/"},{"@type":"ListItem","position":3,"name":"Legal Information"}]},{"@type":"WebSite","@id":"https:\/\/www.fcbraganca.pt\/en\/#website","url":"https:\/\/www.fcbraganca.pt\/en\/","name":"Funda\u00e7\u00e3o da Casa de Bragan\u00e7a","description":"Funda\u00e7\u00e3o da Casa de Bragan\u00e7a","publisher":{"@id":"https:\/\/www.fcbraganca.pt\/en\/#organization"},"potentialAction":[{"@type":"SearchAction","target":{"@type":"EntryPoint","urlTemplate":"https:\/\/www.fcbraganca.pt\/en\/?s={search_term_string}"},"query-input":"required name=search_term_string"}],"inLanguage":"en-US"},{"@type":"Organization","@id":"https:\/\/www.fcbraganca.pt\/en\/#organization","name":"Funda\u00e7\u00e3o da Casa de Bragan\u00e7a","url":"https:\/\/www.fcbraganca.pt\/en\/","logo":{"@type":"ImageObject","inLanguage":"en-US","@id":"https:\/\/www.fcbraganca.pt\/en\/#\/schema\/logo\/image\/","url":"https:\/\/www.fcbraganca.pt\/wp-content\/uploads\/2019\/07\/logo_int3.jpg","contentUrl":"https:\/\/www.fcbraganca.pt\/wp-content\/uploads\/2019\/07\/logo_int3.jpg","width":261,"height":92,"caption":"Funda\u00e7\u00e3o da Casa de Bragan\u00e7a"},"image":{"@id":"https:\/\/www.fcbraganca.pt\/en\/#\/schema\/logo\/image\/"}}]}},"_links":{"self":[{"href":"https:\/\/www.fcbraganca.pt\/en\/wp-json\/wp\/v2\/pages\/8934"}],"collection":[{"href":"https:\/\/www.fcbraganca.pt\/en\/wp-json\/wp\/v2\/pages"}],"about":[{"href":"https:\/\/www.fcbraganca.pt\/en\/wp-json\/wp\/v2\/types\/page"}],"author":[{"embeddable":true,"href":"https:\/\/www.fcbraganca.pt\/en\/wp-json\/wp\/v2\/users\/2"}],"replies":[{"embeddable":true,"href":"https:\/\/www.fcbraganca.pt\/en\/wp-json\/wp\/v2\/comments?post=8934"}],"version-history":[{"count":58,"href":"https:\/\/www.fcbraganca.pt\/en\/wp-json\/wp\/v2\/pages\/8934\/revisions"}],"predecessor-version":[{"id":16116,"href":"https:\/\/www.fcbraganca.pt\/en\/wp-json\/wp\/v2\/pages\/8934\/revisions\/16116"}],"up":[{"embeddable":true,"href":"https:\/\/www.fcbraganca.pt\/en\/wp-json\/wp\/v2\/pages\/133"}],"wp:attachment":[{"href":"https:\/\/www.fcbraganca.pt\/en\/wp-json\/wp\/v2\/media?parent=8934"}],"curies":[{"name":"wp","href":"https:\/\/api.w.org\/{rel}","templated":true}]}}