{"id":9048,"date":"2020-01-16T18:42:03","date_gmt":"2020-01-16T18:42:03","guid":{"rendered":"https:\/\/www.fcbraganca.pt\/?page_id=9048"},"modified":"2023-10-06T15:58:19","modified_gmt":"2023-10-06T15:58:19","slug":"king-carlos-i-agricultural-school","status":"publish","type":"page","link":"https:\/\/www.fcbraganca.pt\/en\/patrimony\/king-carlos-i-agricultural-school\/","title":{"rendered":"King Carlos I Agricultural School"},"content":{"rendered":"\t\t<div data-elementor-type=\"wp-post\" data-elementor-id=\"9048\" class=\"elementor elementor-9048 elementor-7036\">\n\t\t\t\t\t\t<div class=\"elementor-inner\">\n\t\t\t\t<div class=\"elementor-section-wrap\">\n\t\t\t\t\t\t\t\t\t<section class=\"elementor-section elementor-top-section elementor-element elementor-element-87b6ee7 elementor-section-full_width elementor-section-height-default elementor-section-height-default\" data-id=\"87b6ee7\" data-element_type=\"section\">\n\t\t\t\t\t\t<div class=\"elementor-container elementor-column-gap-default\">\n\t\t\t\t\t\t\t<div class=\"elementor-row\">\n\t\t\t\t\t<div class=\"elementor-column elementor-col-100 elementor-top-column elementor-element elementor-element-96fa290\" data-id=\"96fa290\" data-element_type=\"column\" data-settings=\"{&quot;background_background&quot;:&quot;classic&quot;}\">\n\t\t\t<div class=\"elementor-column-wrap elementor-element-populated\">\n\t\t\t\t\t\t\t<div class=\"elementor-widget-wrap\">\n\t\t\t\t\t\t<div class=\"elementor-element elementor-element-62bd1ae elementor-widget elementor-widget-ova_heading_page\" data-id=\"62bd1ae\" data-element_type=\"widget\" data-widget_type=\"ova_heading_page.default\">\n\t\t\t\t<div class=\"elementor-widget-container\">\n\t\t\t\n\t\t<section class=\"heading-page\" style=\"background-image: url(https:\/\/www.fcbraganca.pt\/wp-content\/uploads\/2019\/11\/escola_header.jpg)\" >\n\t\t\t<div class=\"container\">\n\t\t\t\t<div class=\"cta-content\">\n\t\t\t\t\t\t\t\t\t\t\t<h2 class=\"second_font\">King Carlos I Agricultural School<\/h2>\n\t\t\t\t\t\t\t\t\t\t\n\t\t\t\t<\/div>\n\t\t\t<\/div>\n\t\t<\/section>\n\n\t\t\t<\/div>\n\t\t\t\t<\/div>\n\t\t\t\t\t\t<\/div>\n\t\t\t\t\t<\/div>\n\t\t<\/div>\n\t\t\t\t\t\t\t\t<\/div>\n\t\t\t\t\t<\/div>\n\t\t<\/section>\n\t\t\t\t<section class=\"elementor-section elementor-top-section elementor-element elementor-element-1a5bffd elementor-section-boxed elementor-section-height-default elementor-section-height-default\" data-id=\"1a5bffd\" data-element_type=\"section\">\n\t\t\t\t\t\t<div class=\"elementor-container elementor-column-gap-default\">\n\t\t\t\t\t\t\t<div class=\"elementor-row\">\n\t\t\t\t\t<div class=\"elementor-column elementor-col-100 elementor-top-column elementor-element elementor-element-dd3b581 center-content\" data-id=\"dd3b581\" data-element_type=\"column\">\n\t\t\t<div class=\"elementor-column-wrap elementor-element-populated\">\n\t\t\t\t\t\t\t<div class=\"elementor-widget-wrap\">\n\t\t\t\t\t\t<div class=\"elementor-element elementor-element-fbdef15 intro-block elementor-widget elementor-widget-text-editor\" data-id=\"fbdef15\" data-element_type=\"widget\" data-widget_type=\"text-editor.default\">\n\t\t\t\t<div class=\"elementor-widget-container\">\n\t\t\t\t\t\t\t\t<div class=\"elementor-text-editor elementor-clearfix\">\n\t\t\t\t<h1>In compliance with the desire expressed by King Manuel II, the King Carlos I Agricultural School was established in Vendas Novas.<\/h1>\t\t\t\t\t<\/div>\n\t\t\t\t\t\t<\/div>\n\t\t\t\t<\/div>\n\t\t\t\t\t\t<\/div>\n\t\t\t\t\t<\/div>\n\t\t<\/div>\n\t\t\t\t\t\t\t\t<\/div>\n\t\t\t\t\t<\/div>\n\t\t<\/section>\n\t\t\t\t<section class=\"elementor-section elementor-top-section elementor-element elementor-element-72ee72b elementor-section-boxed elementor-section-height-default elementor-section-height-default\" data-id=\"72ee72b\" data-element_type=\"section\">\n\t\t\t\t\t\t<div class=\"elementor-container elementor-column-gap-default\">\n\t\t\t\t\t\t\t<div class=\"elementor-row\">\n\t\t\t\t\t<div class=\"elementor-column elementor-col-100 elementor-top-column elementor-element elementor-element-0d9cd44 center-content\" data-id=\"0d9cd44\" data-element_type=\"column\">\n\t\t\t<div class=\"elementor-column-wrap elementor-element-populated\">\n\t\t\t\t\t\t\t<div class=\"elementor-widget-wrap\">\n\t\t\t\t\t\t<div class=\"elementor-element elementor-element-ea3be12 elementor-widget elementor-widget-text-editor\" data-id=\"ea3be12\" data-element_type=\"widget\" data-widget_type=\"text-editor.default\">\n\t\t\t\t<div class=\"elementor-widget-container\">\n\t\t\t\t\t\t\t\t<div class=\"elementor-text-editor elementor-clearfix\">\n\t\t\t\t<p>The school is dedicated to vocational, social and cultural training in rural areas, and has been offering courses since 1987.<\/p><p>The running of the school is guaranteed by the King Carlos I Professional Technical Association, which has managed the Agricultural School since October 1996, with which the FCB signed a protocol agreeing to make the space, logistical material and equipment available. In January 2001, a lease contract was signed between these two institutions.<\/p><p>The school has six classrooms, a computer room, a machinery room, a laboratory, a library, a cafeteria, dormitories with accommodation capacity for 80 trainees and an area provided by the FCB for simulated practice, where two greenhouses, citrus and stone fruit orchards and an area intended for arable crops are located. The whole area is approximately 2 ha.<\/p>\t\t\t\t\t<\/div>\n\t\t\t\t\t\t<\/div>\n\t\t\t\t<\/div>\n\t\t\t\t\t\t<\/div>\n\t\t\t\t\t<\/div>\n\t\t<\/div>\n\t\t\t\t\t\t\t\t<\/div>\n\t\t\t\t\t<\/div>\n\t\t<\/section>\n\t\t\t\t<section class=\"elementor-section elementor-top-section elementor-element elementor-element-1e6719f8 elementor-section-boxed elementor-section-height-default elementor-section-height-default\" data-id=\"1e6719f8\" data-element_type=\"section\">\n\t\t\t\t\t\t<div class=\"elementor-container elementor-column-gap-default\">\n\t\t\t\t\t\t\t<div class=\"elementor-row\">\n\t\t\t\t\t<div class=\"elementor-column elementor-col-100 elementor-top-column elementor-element elementor-element-2c2df36 center-content\" data-id=\"2c2df36\" data-element_type=\"column\">\n\t\t\t<div class=\"elementor-column-wrap elementor-element-populated\">\n\t\t\t\t\t\t\t<div class=\"elementor-widget-wrap\">\n\t\t\t\t\t\t<div class=\"elementor-element elementor-element-452e1fdf elementor-widget elementor-widget-image-gallery\" data-id=\"452e1fdf\" data-element_type=\"widget\" data-widget_type=\"image-gallery.default\">\n\t\t\t\t<div class=\"elementor-widget-container\">\n\t\t\t\t\t<div class=\"elementor-image-gallery\">\n\t\t\t\n\t\t<style type=\"text\/css\">\n\t\t\t#gallery-1 {\n\t\t\t\tmargin: auto;\n\t\t\t}\n\t\t\t#gallery-1 .gallery-item {\n\t\t\t\tfloat: left;\n\t\t\t\tmargin-top: 10px;\n\t\t\t\ttext-align: center;\n\t\t\t\twidth: 25%;\n\t\t\t}\n\t\t\t#gallery-1 img {\n\t\t\t\tborder: 2px solid #cfcfcf;\n\t\t\t}\n\t\t\t#gallery-1 .gallery-caption {\n\t\t\t\tmargin-left: 0;\n\t\t\t}\n\t\t\t\/* see gallery_shortcode() in wp-includes\/media.php *\/\n\t\t<\/style>\n\t\t<div id='gallery-1' class='gallery galleryid-9048 gallery-columns-4 gallery-size-thumbnail'><dl class='gallery-item'>\n\t\t\t<dt class='gallery-icon landscape'>\n\t\t\t\t<a data-elementor-open-lightbox=\"yes\" data-elementor-lightbox-slideshow=\"452e1fdf\" data-elementor-lightbox-title=\"esc_agraria (5)\" data-e-action-hash=\"#elementor-action%3Aaction%3Dlightbox%26settings%3DeyJpZCI6MTIwMDAsInVybCI6Imh0dHBzOlwvXC93d3cuZmNicmFnYW5jYS5wdFwvd3AtY29udGVudFwvdXBsb2Fkc1wvMjAyMFwvMDVcL2VzY19hZ3JhcmlhLTUuanBnIiwic2xpZGVzaG93IjoiNDUyZTFmZGYifQ%3D%3D\" href='https:\/\/www.fcbraganca.pt\/wp-content\/uploads\/2020\/05\/esc_agraria-5.jpg'><img width=\"150\" height=\"150\" src=\"https:\/\/www.fcbraganca.pt\/wp-content\/uploads\/2020\/05\/esc_agraria-5-150x150.jpg\" class=\"attachment-thumbnail size-thumbnail\" alt=\"\" decoding=\"async\" loading=\"lazy\" srcset=\"https:\/\/www.fcbraganca.pt\/wp-content\/uploads\/2020\/05\/esc_agraria-5-150x150.jpg 150w, https:\/\/www.fcbraganca.pt\/wp-content\/uploads\/2020\/05\/esc_agraria-5.jpg 300w, https:\/\/www.fcbraganca.pt\/wp-content\/uploads\/2020\/05\/esc_agraria-5-100x100.jpg 100w\" sizes=\"(max-width: 150px) 100vw, 150px\" \/><\/a>\n\t\t\t<\/dt><\/dl><dl class='gallery-item'>\n\t\t\t<dt class='gallery-icon landscape'>\n\t\t\t\t<a data-elementor-open-lightbox=\"yes\" data-elementor-lightbox-slideshow=\"452e1fdf\" data-elementor-lightbox-title=\"esc_agraria (14)\" data-e-action-hash=\"#elementor-action%3Aaction%3Dlightbox%26settings%3DeyJpZCI6MTE5NjQsInVybCI6Imh0dHBzOlwvXC93d3cuZmNicmFnYW5jYS5wdFwvd3AtY29udGVudFwvdXBsb2Fkc1wvMjAyMFwvMDVcL2VzY19hZ3JhcmlhLTE0LmpwZyIsInNsaWRlc2hvdyI6IjQ1MmUxZmRmIn0%3D\" href='https:\/\/www.fcbraganca.pt\/wp-content\/uploads\/2020\/05\/esc_agraria-14.jpg'><img width=\"150\" height=\"150\" src=\"https:\/\/www.fcbraganca.pt\/wp-content\/uploads\/2020\/05\/esc_agraria-14-150x150.jpg\" class=\"attachment-thumbnail size-thumbnail\" alt=\"\" decoding=\"async\" loading=\"lazy\" srcset=\"https:\/\/www.fcbraganca.pt\/wp-content\/uploads\/2020\/05\/esc_agraria-14-150x150.jpg 150w, https:\/\/www.fcbraganca.pt\/wp-content\/uploads\/2020\/05\/esc_agraria-14.jpg 300w, https:\/\/www.fcbraganca.pt\/wp-content\/uploads\/2020\/05\/esc_agraria-14-100x100.jpg 100w\" sizes=\"(max-width: 150px) 100vw, 150px\" \/><\/a>\n\t\t\t<\/dt><\/dl><dl class='gallery-item'>\n\t\t\t<dt class='gallery-icon landscape'>\n\t\t\t\t<a data-elementor-open-lightbox=\"yes\" data-elementor-lightbox-slideshow=\"452e1fdf\" data-elementor-lightbox-title=\"esc_agraria (10)\" data-e-action-hash=\"#elementor-action%3Aaction%3Dlightbox%26settings%3DeyJpZCI6MTE5ODAsInVybCI6Imh0dHBzOlwvXC93d3cuZmNicmFnYW5jYS5wdFwvd3AtY29udGVudFwvdXBsb2Fkc1wvMjAyMFwvMDVcL2VzY19hZ3JhcmlhLTEwLmpwZyIsInNsaWRlc2hvdyI6IjQ1MmUxZmRmIn0%3D\" href='https:\/\/www.fcbraganca.pt\/wp-content\/uploads\/2020\/05\/esc_agraria-10.jpg'><img width=\"150\" height=\"150\" src=\"https:\/\/www.fcbraganca.pt\/wp-content\/uploads\/2020\/05\/esc_agraria-10-150x150.jpg\" class=\"attachment-thumbnail size-thumbnail\" alt=\"\" decoding=\"async\" loading=\"lazy\" srcset=\"https:\/\/www.fcbraganca.pt\/wp-content\/uploads\/2020\/05\/esc_agraria-10-150x150.jpg 150w, https:\/\/www.fcbraganca.pt\/wp-content\/uploads\/2020\/05\/esc_agraria-10.jpg 300w, https:\/\/www.fcbraganca.pt\/wp-content\/uploads\/2020\/05\/esc_agraria-10-100x100.jpg 100w\" sizes=\"(max-width: 150px) 100vw, 150px\" \/><\/a>\n\t\t\t<\/dt><\/dl><dl class='gallery-item'>\n\t\t\t<dt class='gallery-icon landscape'>\n\t\t\t\t<a data-elementor-open-lightbox=\"yes\" data-elementor-lightbox-slideshow=\"452e1fdf\" data-elementor-lightbox-title=\"esc_agraria (15)\" data-e-action-hash=\"#elementor-action%3Aaction%3Dlightbox%26settings%3DeyJpZCI6MTE5NjAsInVybCI6Imh0dHBzOlwvXC93d3cuZmNicmFnYW5jYS5wdFwvd3AtY29udGVudFwvdXBsb2Fkc1wvMjAyMFwvMDVcL2VzY19hZ3JhcmlhLTE1LmpwZyIsInNsaWRlc2hvdyI6IjQ1MmUxZmRmIn0%3D\" href='https:\/\/www.fcbraganca.pt\/wp-content\/uploads\/2020\/05\/esc_agraria-15.jpg'><img width=\"150\" height=\"150\" src=\"https:\/\/www.fcbraganca.pt\/wp-content\/uploads\/2020\/05\/esc_agraria-15-150x150.jpg\" class=\"attachment-thumbnail size-thumbnail\" alt=\"\" decoding=\"async\" loading=\"lazy\" srcset=\"https:\/\/www.fcbraganca.pt\/wp-content\/uploads\/2020\/05\/esc_agraria-15-150x150.jpg 150w, https:\/\/www.fcbraganca.pt\/wp-content\/uploads\/2020\/05\/esc_agraria-15.jpg 300w, https:\/\/www.fcbraganca.pt\/wp-content\/uploads\/2020\/05\/esc_agraria-15-100x100.jpg 100w\" sizes=\"(max-width: 150px) 100vw, 150px\" \/><\/a>\n\t\t\t<\/dt><\/dl><br style=\"clear: both\" \/><dl class='gallery-item'>\n\t\t\t<dt class='gallery-icon landscape'>\n\t\t\t\t<a data-elementor-open-lightbox=\"yes\" data-elementor-lightbox-slideshow=\"452e1fdf\" data-elementor-lightbox-title=\"esc_agraria (11)\" data-e-action-hash=\"#elementor-action%3Aaction%3Dlightbox%26settings%3DeyJpZCI6MTE5NzYsInVybCI6Imh0dHBzOlwvXC93d3cuZmNicmFnYW5jYS5wdFwvd3AtY29udGVudFwvdXBsb2Fkc1wvMjAyMFwvMDVcL2VzY19hZ3JhcmlhLTExLmpwZyIsInNsaWRlc2hvdyI6IjQ1MmUxZmRmIn0%3D\" href='https:\/\/www.fcbraganca.pt\/wp-content\/uploads\/2020\/05\/esc_agraria-11.jpg'><img width=\"150\" height=\"150\" src=\"https:\/\/www.fcbraganca.pt\/wp-content\/uploads\/2020\/05\/esc_agraria-11-150x150.jpg\" class=\"attachment-thumbnail size-thumbnail\" alt=\"\" decoding=\"async\" loading=\"lazy\" srcset=\"https:\/\/www.fcbraganca.pt\/wp-content\/uploads\/2020\/05\/esc_agraria-11-150x150.jpg 150w, https:\/\/www.fcbraganca.pt\/wp-content\/uploads\/2020\/05\/esc_agraria-11.jpg 300w, https:\/\/www.fcbraganca.pt\/wp-content\/uploads\/2020\/05\/esc_agraria-11-100x100.jpg 100w\" sizes=\"(max-width: 150px) 100vw, 150px\" \/><\/a>\n\t\t\t<\/dt><\/dl><dl class='gallery-item'>\n\t\t\t<dt class='gallery-icon landscape'>\n\t\t\t\t<a data-elementor-open-lightbox=\"yes\" data-elementor-lightbox-slideshow=\"452e1fdf\" data-elementor-lightbox-title=\"esc_agraria (9)\" data-e-action-hash=\"#elementor-action%3Aaction%3Dlightbox%26settings%3DeyJpZCI6MTE5ODQsInVybCI6Imh0dHBzOlwvXC93d3cuZmNicmFnYW5jYS5wdFwvd3AtY29udGVudFwvdXBsb2Fkc1wvMjAyMFwvMDVcL2VzY19hZ3JhcmlhLTkuanBnIiwic2xpZGVzaG93IjoiNDUyZTFmZGYifQ%3D%3D\" href='https:\/\/www.fcbraganca.pt\/wp-content\/uploads\/2020\/05\/esc_agraria-9.jpg'><img width=\"150\" height=\"150\" src=\"https:\/\/www.fcbraganca.pt\/wp-content\/uploads\/2020\/05\/esc_agraria-9-150x150.jpg\" class=\"attachment-thumbnail size-thumbnail\" alt=\"\" decoding=\"async\" loading=\"lazy\" srcset=\"https:\/\/www.fcbraganca.pt\/wp-content\/uploads\/2020\/05\/esc_agraria-9-150x150.jpg 150w, https:\/\/www.fcbraganca.pt\/wp-content\/uploads\/2020\/05\/esc_agraria-9.jpg 300w, https:\/\/www.fcbraganca.pt\/wp-content\/uploads\/2020\/05\/esc_agraria-9-100x100.jpg 100w\" sizes=\"(max-width: 150px) 100vw, 150px\" \/><\/a>\n\t\t\t<\/dt><\/dl><dl class='gallery-item'>\n\t\t\t<dt class='gallery-icon landscape'>\n\t\t\t\t<a data-elementor-open-lightbox=\"yes\" data-elementor-lightbox-slideshow=\"452e1fdf\" data-elementor-lightbox-title=\"esc_agraria (8)\" data-e-action-hash=\"#elementor-action%3Aaction%3Dlightbox%26settings%3DeyJpZCI6MTE5ODgsInVybCI6Imh0dHBzOlwvXC93d3cuZmNicmFnYW5jYS5wdFwvd3AtY29udGVudFwvdXBsb2Fkc1wvMjAyMFwvMDVcL2VzY19hZ3JhcmlhLTguanBnIiwic2xpZGVzaG93IjoiNDUyZTFmZGYifQ%3D%3D\" href='https:\/\/www.fcbraganca.pt\/wp-content\/uploads\/2020\/05\/esc_agraria-8.jpg'><img width=\"150\" height=\"150\" src=\"https:\/\/www.fcbraganca.pt\/wp-content\/uploads\/2020\/05\/esc_agraria-8-150x150.jpg\" class=\"attachment-thumbnail size-thumbnail\" alt=\"\" decoding=\"async\" loading=\"lazy\" srcset=\"https:\/\/www.fcbraganca.pt\/wp-content\/uploads\/2020\/05\/esc_agraria-8-150x150.jpg 150w, https:\/\/www.fcbraganca.pt\/wp-content\/uploads\/2020\/05\/esc_agraria-8.jpg 300w, https:\/\/www.fcbraganca.pt\/wp-content\/uploads\/2020\/05\/esc_agraria-8-100x100.jpg 100w\" sizes=\"(max-width: 150px) 100vw, 150px\" \/><\/a>\n\t\t\t<\/dt><\/dl><dl class='gallery-item'>\n\t\t\t<dt class='gallery-icon landscape'>\n\t\t\t\t<a data-elementor-open-lightbox=\"yes\" data-elementor-lightbox-slideshow=\"452e1fdf\" data-elementor-lightbox-title=\"esc_agraria (7)\" data-e-action-hash=\"#elementor-action%3Aaction%3Dlightbox%26settings%3DeyJpZCI6MTE5OTIsInVybCI6Imh0dHBzOlwvXC93d3cuZmNicmFnYW5jYS5wdFwvd3AtY29udGVudFwvdXBsb2Fkc1wvMjAyMFwvMDVcL2VzY19hZ3JhcmlhLTcuanBnIiwic2xpZGVzaG93IjoiNDUyZTFmZGYifQ%3D%3D\" href='https:\/\/www.fcbraganca.pt\/wp-content\/uploads\/2020\/05\/esc_agraria-7.jpg'><img width=\"150\" height=\"150\" src=\"https:\/\/www.fcbraganca.pt\/wp-content\/uploads\/2020\/05\/esc_agraria-7-150x150.jpg\" class=\"attachment-thumbnail size-thumbnail\" alt=\"\" decoding=\"async\" loading=\"lazy\" srcset=\"https:\/\/www.fcbraganca.pt\/wp-content\/uploads\/2020\/05\/esc_agraria-7-150x150.jpg 150w, https:\/\/www.fcbraganca.pt\/wp-content\/uploads\/2020\/05\/esc_agraria-7.jpg 300w, https:\/\/www.fcbraganca.pt\/wp-content\/uploads\/2020\/05\/esc_agraria-7-100x100.jpg 100w\" sizes=\"(max-width: 150px) 100vw, 150px\" \/><\/a>\n\t\t\t<\/dt><\/dl><br style=\"clear: both\" \/>\n\t\t<\/div>\n\t\t<\/div>\n\t\t\t\t<\/div>\n\t\t\t\t<\/div>\n\t\t\t\t\t\t<\/div>\n\t\t\t\t\t<\/div>\n\t\t<\/div>\n\t\t\t\t\t\t\t\t<\/div>\n\t\t\t\t\t<\/div>\n\t\t<\/section>\n\t\t\t\t\t\t\t\t\t<\/div>\n\t\t\t<\/div>\n\t\t\t\t\t<\/div>\n\t\t","protected":false},"excerpt":{"rendered":"<p>King Carlos I Agricultural School In compliance with the desire expressed by King Manuel II, the King Carlos I Agricultural School was established in Vendas Novas. The school is dedicated to vocational, social and cultural training in rural areas, and has been offering courses since 1987. The running of the school is guaranteed by the [&hellip;]<\/p>\n","protected":false},"author":2,"featured_media":0,"parent":9640,"menu_order":0,"comment_status":"closed","ping_status":"closed","template":"elementor_header_footer","meta":[],"yoast_head":"<!-- This site is optimized with the Yoast SEO plugin v20.4 - https:\/\/yoast.com\/wordpress\/plugins\/seo\/ -->\n<title>FCB | King Carlos I Agricultural School<\/title>\n<meta name=\"description\" content=\"Funda\u00e7\u00e3o da Casa de Bragan\u00e7a | King Carlos I Agricultural School does vocational, social and cultural training in rural areas since 1987\" \/>\n<meta name=\"robots\" content=\"index, follow, max-snippet:-1, max-image-preview:large, max-video-preview:-1\" \/>\n<link rel=\"canonical\" href=\"https:\/\/www.fcbraganca.pt\/en\/patrimony\/king-carlos-i-agricultural-school\/\" \/>\n<meta property=\"og:locale\" content=\"en_US\" \/>\n<meta property=\"og:type\" content=\"article\" \/>\n<meta property=\"og:title\" content=\"FCB | King Carlos I Agricultural School\" \/>\n<meta property=\"og:description\" content=\"Funda\u00e7\u00e3o da Casa de Bragan\u00e7a | King Carlos I Agricultural School does vocational, social and cultural training in rural areas since 1987\" \/>\n<meta property=\"og:url\" content=\"https:\/\/www.fcbraganca.pt\/en\/patrimony\/king-carlos-i-agricultural-school\/\" \/>\n<meta property=\"og:site_name\" content=\"Funda\u00e7\u00e3o da Casa de Bragan\u00e7a\" \/>\n<meta property=\"article:modified_time\" content=\"2023-10-06T15:58:19+00:00\" \/>\n<meta property=\"og:image\" content=\"https:\/\/www.fcbraganca.pt\/wp-content\/uploads\/2020\/05\/esc_agraria-5-150x150.jpg\" \/>\n<meta name=\"twitter:card\" content=\"summary_large_image\" \/>\n<meta name=\"twitter:label1\" content=\"Est. reading time\" \/>\n\t<meta name=\"twitter:data1\" content=\"1 minute\" \/>\n<script type=\"application\/ld+json\" class=\"yoast-schema-graph\">{\"@context\":\"https:\/\/schema.org\",\"@graph\":[{\"@type\":\"WebPage\",\"@id\":\"https:\/\/www.fcbraganca.pt\/en\/patrimony\/king-carlos-i-agricultural-school\/\",\"url\":\"https:\/\/www.fcbraganca.pt\/en\/patrimony\/king-carlos-i-agricultural-school\/\",\"name\":\"FCB | King Carlos I Agricultural School\",\"isPartOf\":{\"@id\":\"https:\/\/www.fcbraganca.pt\/en\/#website\"},\"datePublished\":\"2020-01-16T18:42:03+00:00\",\"dateModified\":\"2023-10-06T15:58:19+00:00\",\"description\":\"Funda\u00e7\u00e3o da Casa de Bragan\u00e7a | King Carlos I Agricultural School does vocational, social and cultural training in rural areas since 1987\",\"breadcrumb\":{\"@id\":\"https:\/\/www.fcbraganca.pt\/en\/patrimony\/king-carlos-i-agricultural-school\/#breadcrumb\"},\"inLanguage\":\"en-US\",\"potentialAction\":[{\"@type\":\"ReadAction\",\"target\":[\"https:\/\/www.fcbraganca.pt\/en\/patrimony\/king-carlos-i-agricultural-school\/\"]}]},{\"@type\":\"BreadcrumbList\",\"@id\":\"https:\/\/www.fcbraganca.pt\/en\/patrimony\/king-carlos-i-agricultural-school\/#breadcrumb\",\"itemListElement\":[{\"@type\":\"ListItem\",\"position\":1,\"name\":\"In\u00edcio\",\"item\":\"https:\/\/www.fcbraganca.pt\/en\/\"},{\"@type\":\"ListItem\",\"position\":2,\"name\":\"Patrimony\",\"item\":\"https:\/\/www.fcbraganca.pt\/en\/patrimony\/\"},{\"@type\":\"ListItem\",\"position\":3,\"name\":\"King Carlos I Agricultural School\"}]},{\"@type\":\"WebSite\",\"@id\":\"https:\/\/www.fcbraganca.pt\/en\/#website\",\"url\":\"https:\/\/www.fcbraganca.pt\/en\/\",\"name\":\"Funda\u00e7\u00e3o da Casa de Bragan\u00e7a\",\"description\":\"Funda\u00e7\u00e3o da Casa de Bragan\u00e7a\",\"publisher\":{\"@id\":\"https:\/\/www.fcbraganca.pt\/en\/#organization\"},\"potentialAction\":[{\"@type\":\"SearchAction\",\"target\":{\"@type\":\"EntryPoint\",\"urlTemplate\":\"https:\/\/www.fcbraganca.pt\/en\/?s={search_term_string}\"},\"query-input\":\"required name=search_term_string\"}],\"inLanguage\":\"en-US\"},{\"@type\":\"Organization\",\"@id\":\"https:\/\/www.fcbraganca.pt\/en\/#organization\",\"name\":\"Funda\u00e7\u00e3o da Casa de Bragan\u00e7a\",\"url\":\"https:\/\/www.fcbraganca.pt\/en\/\",\"logo\":{\"@type\":\"ImageObject\",\"inLanguage\":\"en-US\",\"@id\":\"https:\/\/www.fcbraganca.pt\/en\/#\/schema\/logo\/image\/\",\"url\":\"https:\/\/www.fcbraganca.pt\/wp-content\/uploads\/2019\/07\/logo_int3.jpg\",\"contentUrl\":\"https:\/\/www.fcbraganca.pt\/wp-content\/uploads\/2019\/07\/logo_int3.jpg\",\"width\":261,\"height\":92,\"caption\":\"Funda\u00e7\u00e3o da Casa de Bragan\u00e7a\"},\"image\":{\"@id\":\"https:\/\/www.fcbraganca.pt\/en\/#\/schema\/logo\/image\/\"}}]}<\/script>\n<!-- \/ Yoast SEO plugin. -->","yoast_head_json":{"title":"FCB | King Carlos I Agricultural School","description":"Funda\u00e7\u00e3o da Casa de Bragan\u00e7a | King Carlos I Agricultural School does vocational, social and cultural training in rural areas since 1987","robots":{"index":"index","follow":"follow","max-snippet":"max-snippet:-1","max-image-preview":"max-image-preview:large","max-video-preview":"max-video-preview:-1"},"canonical":"https:\/\/www.fcbraganca.pt\/en\/patrimony\/king-carlos-i-agricultural-school\/","og_locale":"en_US","og_type":"article","og_title":"FCB | King Carlos I Agricultural School","og_description":"Funda\u00e7\u00e3o da Casa de Bragan\u00e7a | King Carlos I Agricultural School does vocational, social and cultural training in rural areas since 1987","og_url":"https:\/\/www.fcbraganca.pt\/en\/patrimony\/king-carlos-i-agricultural-school\/","og_site_name":"Funda\u00e7\u00e3o da Casa de Bragan\u00e7a","article_modified_time":"2023-10-06T15:58:19+00:00","og_image":[{"url":"https:\/\/www.fcbraganca.pt\/wp-content\/uploads\/2020\/05\/esc_agraria-5-150x150.jpg"}],"twitter_card":"summary_large_image","twitter_misc":{"Est. reading time":"1 minute"},"schema":{"@context":"https:\/\/schema.org","@graph":[{"@type":"WebPage","@id":"https:\/\/www.fcbraganca.pt\/en\/patrimony\/king-carlos-i-agricultural-school\/","url":"https:\/\/www.fcbraganca.pt\/en\/patrimony\/king-carlos-i-agricultural-school\/","name":"FCB | King Carlos I Agricultural School","isPartOf":{"@id":"https:\/\/www.fcbraganca.pt\/en\/#website"},"datePublished":"2020-01-16T18:42:03+00:00","dateModified":"2023-10-06T15:58:19+00:00","description":"Funda\u00e7\u00e3o da Casa de Bragan\u00e7a | King Carlos I Agricultural School does vocational, social and cultural training in rural areas since 1987","breadcrumb":{"@id":"https:\/\/www.fcbraganca.pt\/en\/patrimony\/king-carlos-i-agricultural-school\/#breadcrumb"},"inLanguage":"en-US","potentialAction":[{"@type":"ReadAction","target":["https:\/\/www.fcbraganca.pt\/en\/patrimony\/king-carlos-i-agricultural-school\/"]}]},{"@type":"BreadcrumbList","@id":"https:\/\/www.fcbraganca.pt\/en\/patrimony\/king-carlos-i-agricultural-school\/#breadcrumb","itemListElement":[{"@type":"ListItem","position":1,"name":"In\u00edcio","item":"https:\/\/www.fcbraganca.pt\/en\/"},{"@type":"ListItem","position":2,"name":"Patrimony","item":"https:\/\/www.fcbraganca.pt\/en\/patrimony\/"},{"@type":"ListItem","position":3,"name":"King Carlos I Agricultural School"}]},{"@type":"WebSite","@id":"https:\/\/www.fcbraganca.pt\/en\/#website","url":"https:\/\/www.fcbraganca.pt\/en\/","name":"Funda\u00e7\u00e3o da Casa de Bragan\u00e7a","description":"Funda\u00e7\u00e3o da Casa de Bragan\u00e7a","publisher":{"@id":"https:\/\/www.fcbraganca.pt\/en\/#organization"},"potentialAction":[{"@type":"SearchAction","target":{"@type":"EntryPoint","urlTemplate":"https:\/\/www.fcbraganca.pt\/en\/?s={search_term_string}"},"query-input":"required name=search_term_string"}],"inLanguage":"en-US"},{"@type":"Organization","@id":"https:\/\/www.fcbraganca.pt\/en\/#organization","name":"Funda\u00e7\u00e3o da Casa de Bragan\u00e7a","url":"https:\/\/www.fcbraganca.pt\/en\/","logo":{"@type":"ImageObject","inLanguage":"en-US","@id":"https:\/\/www.fcbraganca.pt\/en\/#\/schema\/logo\/image\/","url":"https:\/\/www.fcbraganca.pt\/wp-content\/uploads\/2019\/07\/logo_int3.jpg","contentUrl":"https:\/\/www.fcbraganca.pt\/wp-content\/uploads\/2019\/07\/logo_int3.jpg","width":261,"height":92,"caption":"Funda\u00e7\u00e3o da Casa de Bragan\u00e7a"},"image":{"@id":"https:\/\/www.fcbraganca.pt\/en\/#\/schema\/logo\/image\/"}}]}},"_links":{"self":[{"href":"https:\/\/www.fcbraganca.pt\/en\/wp-json\/wp\/v2\/pages\/9048"}],"collection":[{"href":"https:\/\/www.fcbraganca.pt\/en\/wp-json\/wp\/v2\/pages"}],"about":[{"href":"https:\/\/www.fcbraganca.pt\/en\/wp-json\/wp\/v2\/types\/page"}],"author":[{"embeddable":true,"href":"https:\/\/www.fcbraganca.pt\/en\/wp-json\/wp\/v2\/users\/2"}],"replies":[{"embeddable":true,"href":"https:\/\/www.fcbraganca.pt\/en\/wp-json\/wp\/v2\/comments?post=9048"}],"version-history":[{"count":4,"href":"https:\/\/www.fcbraganca.pt\/en\/wp-json\/wp\/v2\/pages\/9048\/revisions"}],"predecessor-version":[{"id":15627,"href":"https:\/\/www.fcbraganca.pt\/en\/wp-json\/wp\/v2\/pages\/9048\/revisions\/15627"}],"up":[{"embeddable":true,"href":"https:\/\/www.fcbraganca.pt\/en\/wp-json\/wp\/v2\/pages\/9640"}],"wp:attachment":[{"href":"https:\/\/www.fcbraganca.pt\/en\/wp-json\/wp\/v2\/media?parent=9048"}],"curies":[{"name":"wp","href":"https:\/\/api.w.org\/{rel}","templated":true}]}}