{"id":9754,"date":"2020-01-30T15:38:18","date_gmt":"2020-01-30T15:38:18","guid":{"rendered":"https:\/\/www.fcbraganca.pt\/?page_id=9754"},"modified":"2023-10-06T16:02:34","modified_gmt":"2023-10-06T16:02:34","slug":"publications","status":"publish","type":"page","link":"https:\/\/www.fcbraganca.pt\/en\/publications\/","title":{"rendered":"Publications"},"content":{"rendered":"\t\t<div data-elementor-type=\"wp-post\" data-elementor-id=\"9754\" class=\"elementor elementor-9754 elementor-7630\">\n\t\t\t\t\t\t<div class=\"elementor-inner\">\n\t\t\t\t<div class=\"elementor-section-wrap\">\n\t\t\t\t\t\t\t\t\t<section class=\"elementor-section elementor-top-section elementor-element elementor-element-87b6ee7 elementor-section-full_width elementor-section-height-default elementor-section-height-default\" data-id=\"87b6ee7\" data-element_type=\"section\">\n\t\t\t\t\t\t<div class=\"elementor-container elementor-column-gap-default\">\n\t\t\t\t\t\t\t<div class=\"elementor-row\">\n\t\t\t\t\t<div class=\"elementor-column elementor-col-100 elementor-top-column elementor-element elementor-element-96fa290\" data-id=\"96fa290\" data-element_type=\"column\" data-settings=\"{&quot;background_background&quot;:&quot;classic&quot;}\">\n\t\t\t<div class=\"elementor-column-wrap elementor-element-populated\">\n\t\t\t\t\t\t\t<div class=\"elementor-widget-wrap\">\n\t\t\t\t\t\t<div class=\"elementor-element elementor-element-62bd1ae elementor-widget elementor-widget-ova_heading_page\" data-id=\"62bd1ae\" data-element_type=\"widget\" data-widget_type=\"ova_heading_page.default\">\n\t\t\t\t<div class=\"elementor-widget-container\">\n\t\t\t\n\t\t<section class=\"heading-page\" style=\"background-image: url(https:\/\/www.fcbraganca.pt\/wp-content\/uploads\/2020\/01\/header_public.jpg)\" >\n\t\t\t<div class=\"container\">\n\t\t\t\t<div class=\"cta-content\">\n\t\t\t\t\t\t\t\t\t\t\t<h2 class=\"second_font\">Publications<\/h2>\n\t\t\t\t\t\t\t\t\t\t\n\t\t\t\t<\/div>\n\t\t\t<\/div>\n\t\t<\/section>\n\n\t\t\t<\/div>\n\t\t\t\t<\/div>\n\t\t\t\t\t\t<\/div>\n\t\t\t\t\t<\/div>\n\t\t<\/div>\n\t\t\t\t\t\t\t\t<\/div>\n\t\t\t\t\t<\/div>\n\t\t<\/section>\n\t\t\t\t<section class=\"elementor-section elementor-top-section elementor-element elementor-element-399bed87 elementor-section-boxed elementor-section-height-default elementor-section-height-default\" data-id=\"399bed87\" data-element_type=\"section\">\n\t\t\t\t\t\t<div class=\"elementor-container elementor-column-gap-default\">\n\t\t\t\t\t\t\t<div class=\"elementor-row\">\n\t\t\t\t\t<div class=\"elementor-column elementor-col-100 elementor-top-column elementor-element elementor-element-6b342fd7\" data-id=\"6b342fd7\" data-element_type=\"column\">\n\t\t\t<div class=\"elementor-column-wrap elementor-element-populated\">\n\t\t\t\t\t\t\t<div class=\"elementor-widget-wrap\">\n\t\t\t\t\t\t<div class=\"elementor-element elementor-element-2b32aed4 line-height-32 elementor-widget elementor-widget-text-editor\" data-id=\"2b32aed4\" data-element_type=\"widget\" data-widget_type=\"text-editor.default\">\n\t\t\t\t<div class=\"elementor-widget-container\">\n\t\t\t\t\t\t\t\t<div class=\"elementor-text-editor elementor-clearfix\">\n\t\t\t\t<h1>Our Publications<\/h1>\t\t\t\t\t<\/div>\n\t\t\t\t\t\t<\/div>\n\t\t\t\t<\/div>\n\t\t\t\t<div class=\"elementor-element elementor-element-64a19c6 line-height-32 elementor-widget elementor-widget-text-editor\" data-id=\"64a19c6\" data-element_type=\"widget\" data-widget_type=\"text-editor.default\">\n\t\t\t\t<div class=\"elementor-widget-container\">\n\t\t\t\t\t\t\t\t<div class=\"elementor-text-editor elementor-clearfix\">\n\t\t\t\t<p>Discover our publications that are for sale in the different spaces of the Foundation: Ducal Palace in Vila Vi\u00e7osa, Castles and Carruagens and\/or mail.<\/p>\t\t\t\t\t<\/div>\n\t\t\t\t\t\t<\/div>\n\t\t\t\t<\/div>\n\t\t\t\t\t\t<\/div>\n\t\t\t\t\t<\/div>\n\t\t<\/div>\n\t\t\t\t\t\t\t\t<\/div>\n\t\t\t\t\t<\/div>\n\t\t<\/section>\n\t\t\t\t<section class=\"elementor-section elementor-top-section elementor-element elementor-element-7eb1804 elementor-section-boxed elementor-section-height-default elementor-section-height-default\" data-id=\"7eb1804\" data-element_type=\"section\">\n\t\t\t\t\t\t<div class=\"elementor-container elementor-column-gap-default\">\n\t\t\t\t\t\t\t<div class=\"elementor-row\">\n\t\t\t\t\t<div class=\"elementor-column elementor-col-33 elementor-top-column elementor-element elementor-element-bb9003c\" data-id=\"bb9003c\" data-element_type=\"column\">\n\t\t\t<div class=\"elementor-column-wrap elementor-element-populated\">\n\t\t\t\t\t\t\t<div class=\"elementor-widget-wrap\">\n\t\t\t\t\t\t<div class=\"elementor-element elementor-element-2b41e1d elementor-widget elementor-widget-image\" data-id=\"2b41e1d\" data-element_type=\"widget\" data-widget_type=\"image.default\">\n\t\t\t\t<div class=\"elementor-widget-container\">\n\t\t\t\t\t\t\t\t<div class=\"elementor-image\">\n\t\t\t\t\t\t\t\t\t\t\t\t\t<a href=\"https:\/\/www.fcbraganca.pt\/en\/books\/\">\n\t\t\t\t\t\t\t<img decoding=\"async\" width=\"384\" height=\"201\" src=\"https:\/\/www.fcbraganca.pt\/wp-content\/uploads\/2020\/01\/livros1.jpg\" class=\"attachment-large size-large wp-image-9564\" alt=\"\" loading=\"lazy\" srcset=\"https:\/\/www.fcbraganca.pt\/wp-content\/uploads\/2020\/01\/livros1.jpg 384w, https:\/\/www.fcbraganca.pt\/wp-content\/uploads\/2020\/01\/livros1-300x157.jpg 300w\" sizes=\"(max-width: 384px) 100vw, 384px\" \/>\t\t\t\t\t\t\t\t<\/a>\n\t\t\t\t\t\t\t\t\t\t\t\t\t\t<\/div>\n\t\t\t\t\t\t<\/div>\n\t\t\t\t<\/div>\n\t\t\t\t<div class=\"elementor-element elementor-element-8e361c3 elementor-widget elementor-widget-text-editor\" data-id=\"8e361c3\" data-element_type=\"widget\" data-widget_type=\"text-editor.default\">\n\t\t\t\t<div class=\"elementor-widget-container\">\n\t\t\t\t\t\t\t\t<div class=\"elementor-text-editor elementor-clearfix\">\n\t\t\t\t<h3><a href=\"\/en\/books\/\">Books<\/a><\/h3>\t\t\t\t\t<\/div>\n\t\t\t\t\t\t<\/div>\n\t\t\t\t<\/div>\n\t\t\t\t\t\t<\/div>\n\t\t\t\t\t<\/div>\n\t\t<\/div>\n\t\t\t\t<div class=\"elementor-column elementor-col-33 elementor-top-column elementor-element elementor-element-a3a1040\" data-id=\"a3a1040\" data-element_type=\"column\">\n\t\t\t<div class=\"elementor-column-wrap elementor-element-populated\">\n\t\t\t\t\t\t\t<div class=\"elementor-widget-wrap\">\n\t\t\t\t\t\t<div class=\"elementor-element elementor-element-fb01c7a elementor-widget elementor-widget-image\" data-id=\"fb01c7a\" data-element_type=\"widget\" data-widget_type=\"image.default\">\n\t\t\t\t<div class=\"elementor-widget-container\">\n\t\t\t\t\t\t\t\t<div class=\"elementor-image\">\n\t\t\t\t\t\t\t\t\t\t\t\t\t<a href=\"https:\/\/www.fcbraganca.pt\/en\/medals\/\">\n\t\t\t\t\t\t\t<img decoding=\"async\" width=\"384\" height=\"201\" src=\"https:\/\/www.fcbraganca.pt\/wp-content\/uploads\/2020\/01\/medalhas.jpg\" class=\"attachment-large size-large wp-image-9568\" alt=\"\" loading=\"lazy\" srcset=\"https:\/\/www.fcbraganca.pt\/wp-content\/uploads\/2020\/01\/medalhas.jpg 384w, https:\/\/www.fcbraganca.pt\/wp-content\/uploads\/2020\/01\/medalhas-300x157.jpg 300w\" sizes=\"(max-width: 384px) 100vw, 384px\" \/>\t\t\t\t\t\t\t\t<\/a>\n\t\t\t\t\t\t\t\t\t\t\t\t\t\t<\/div>\n\t\t\t\t\t\t<\/div>\n\t\t\t\t<\/div>\n\t\t\t\t<div class=\"elementor-element elementor-element-06ef86b elementor-widget elementor-widget-text-editor\" data-id=\"06ef86b\" data-element_type=\"widget\" data-widget_type=\"text-editor.default\">\n\t\t\t\t<div class=\"elementor-widget-container\">\n\t\t\t\t\t\t\t\t<div class=\"elementor-text-editor elementor-clearfix\">\n\t\t\t\t<h3><a href=\"\/en\/medals\/\">Medals <\/a><\/h3>\t\t\t\t\t<\/div>\n\t\t\t\t\t\t<\/div>\n\t\t\t\t<\/div>\n\t\t\t\t\t\t<\/div>\n\t\t\t\t\t<\/div>\n\t\t<\/div>\n\t\t\t\t<div class=\"elementor-column elementor-col-33 elementor-top-column elementor-element elementor-element-810296f\" data-id=\"810296f\" data-element_type=\"column\">\n\t\t\t<div class=\"elementor-column-wrap elementor-element-populated\">\n\t\t\t\t\t\t\t<div class=\"elementor-widget-wrap\">\n\t\t\t\t\t\t<div class=\"elementor-element elementor-element-6249e5c elementor-widget elementor-widget-image\" data-id=\"6249e5c\" data-element_type=\"widget\" data-widget_type=\"image.default\">\n\t\t\t\t<div class=\"elementor-widget-container\">\n\t\t\t\t\t\t\t\t<div class=\"elementor-image\">\n\t\t\t\t\t\t\t\t\t\t\t\t\t<a href=\"https:\/\/www.fcbraganca.pt\/en\/rarities\/\">\n\t\t\t\t\t\t\t<img decoding=\"async\" width=\"384\" height=\"201\" src=\"https:\/\/www.fcbraganca.pt\/wp-content\/uploads\/2020\/01\/raridades.jpg\" class=\"attachment-large size-large wp-image-9572\" alt=\"\" loading=\"lazy\" srcset=\"https:\/\/www.fcbraganca.pt\/wp-content\/uploads\/2020\/01\/raridades.jpg 384w, https:\/\/www.fcbraganca.pt\/wp-content\/uploads\/2020\/01\/raridades-300x157.jpg 300w\" sizes=\"(max-width: 384px) 100vw, 384px\" \/>\t\t\t\t\t\t\t\t<\/a>\n\t\t\t\t\t\t\t\t\t\t\t\t\t\t<\/div>\n\t\t\t\t\t\t<\/div>\n\t\t\t\t<\/div>\n\t\t\t\t<div class=\"elementor-element elementor-element-ab4ac29 elementor-widget elementor-widget-text-editor\" data-id=\"ab4ac29\" data-element_type=\"widget\" data-widget_type=\"text-editor.default\">\n\t\t\t\t<div class=\"elementor-widget-container\">\n\t\t\t\t\t\t\t\t<div class=\"elementor-text-editor elementor-clearfix\">\n\t\t\t\t<h3><a href=\"\/en\/rarities\/\">Rarities <\/a><\/h3>\t\t\t\t\t<\/div>\n\t\t\t\t\t\t<\/div>\n\t\t\t\t<\/div>\n\t\t\t\t\t\t<\/div>\n\t\t\t\t\t<\/div>\n\t\t<\/div>\n\t\t\t\t\t\t\t\t<\/div>\n\t\t\t\t\t<\/div>\n\t\t<\/section>\n\t\t\t\t\t\t\t\t\t<\/div>\n\t\t\t<\/div>\n\t\t\t\t\t<\/div>\n\t\t","protected":false},"excerpt":{"rendered":"<p>Publications Our Publications Discover our publications that are for sale in the different spaces of the Foundation: Ducal Palace in Vila Vi\u00e7osa, Castles and Carruagens and\/or mail. Books Medals Rarities<\/p>\n","protected":false},"author":2,"featured_media":0,"parent":0,"menu_order":0,"comment_status":"closed","ping_status":"closed","template":"elementor_header_footer","meta":[],"yoast_head":"<!-- This site is optimized with the Yoast SEO plugin v20.4 - https:\/\/yoast.com\/wordpress\/plugins\/seo\/ -->\n<title>Funda\u00e7\u00e3o da Casa de Bragan\u00e7a | Publications<\/title>\n<meta name=\"description\" content=\"FCB | Find here our publications that the Foundation sells in: Ducal Palace in Vila Vi\u00e7osa, Castles and Carruagens and\/or mail.\" \/>\n<meta name=\"robots\" content=\"index, follow, max-snippet:-1, max-image-preview:large, max-video-preview:-1\" \/>\n<link rel=\"canonical\" href=\"https:\/\/www.fcbraganca.pt\/en\/publications\/\" \/>\n<meta property=\"og:locale\" content=\"en_US\" \/>\n<meta property=\"og:type\" content=\"article\" \/>\n<meta property=\"og:title\" content=\"Funda\u00e7\u00e3o da Casa de Bragan\u00e7a | Publications\" \/>\n<meta property=\"og:description\" content=\"FCB | Find here our publications that the Foundation sells in: Ducal Palace in Vila Vi\u00e7osa, Castles and Carruagens and\/or mail.\" \/>\n<meta property=\"og:url\" content=\"https:\/\/www.fcbraganca.pt\/en\/publications\/\" \/>\n<meta property=\"og:site_name\" content=\"Funda\u00e7\u00e3o da Casa de Bragan\u00e7a\" \/>\n<meta property=\"article:modified_time\" content=\"2023-10-06T16:02:34+00:00\" \/>\n<meta property=\"og:image\" content=\"https:\/\/www.fcbraganca.pt\/wp-content\/uploads\/2020\/01\/livros1.jpg\" \/>\n<meta name=\"twitter:card\" content=\"summary_large_image\" \/>\n<script type=\"application\/ld+json\" class=\"yoast-schema-graph\">{\"@context\":\"https:\/\/schema.org\",\"@graph\":[{\"@type\":\"WebPage\",\"@id\":\"https:\/\/www.fcbraganca.pt\/en\/publications\/\",\"url\":\"https:\/\/www.fcbraganca.pt\/en\/publications\/\",\"name\":\"Funda\u00e7\u00e3o da Casa de Bragan\u00e7a | Publications\",\"isPartOf\":{\"@id\":\"https:\/\/www.fcbraganca.pt\/en\/#website\"},\"datePublished\":\"2020-01-30T15:38:18+00:00\",\"dateModified\":\"2023-10-06T16:02:34+00:00\",\"description\":\"FCB | Find here our publications that the Foundation sells in: Ducal Palace in Vila Vi\u00e7osa, Castles and Carruagens and\/or mail.\",\"breadcrumb\":{\"@id\":\"https:\/\/www.fcbraganca.pt\/en\/publications\/#breadcrumb\"},\"inLanguage\":\"en-US\",\"potentialAction\":[{\"@type\":\"ReadAction\",\"target\":[\"https:\/\/www.fcbraganca.pt\/en\/publications\/\"]}]},{\"@type\":\"BreadcrumbList\",\"@id\":\"https:\/\/www.fcbraganca.pt\/en\/publications\/#breadcrumb\",\"itemListElement\":[{\"@type\":\"ListItem\",\"position\":1,\"name\":\"In\u00edcio\",\"item\":\"https:\/\/www.fcbraganca.pt\/en\/\"},{\"@type\":\"ListItem\",\"position\":2,\"name\":\"Publications\"}]},{\"@type\":\"WebSite\",\"@id\":\"https:\/\/www.fcbraganca.pt\/en\/#website\",\"url\":\"https:\/\/www.fcbraganca.pt\/en\/\",\"name\":\"Funda\u00e7\u00e3o da Casa de Bragan\u00e7a\",\"description\":\"Funda\u00e7\u00e3o da Casa de Bragan\u00e7a\",\"publisher\":{\"@id\":\"https:\/\/www.fcbraganca.pt\/en\/#organization\"},\"potentialAction\":[{\"@type\":\"SearchAction\",\"target\":{\"@type\":\"EntryPoint\",\"urlTemplate\":\"https:\/\/www.fcbraganca.pt\/en\/?s={search_term_string}\"},\"query-input\":\"required name=search_term_string\"}],\"inLanguage\":\"en-US\"},{\"@type\":\"Organization\",\"@id\":\"https:\/\/www.fcbraganca.pt\/en\/#organization\",\"name\":\"Funda\u00e7\u00e3o da Casa de Bragan\u00e7a\",\"url\":\"https:\/\/www.fcbraganca.pt\/en\/\",\"logo\":{\"@type\":\"ImageObject\",\"inLanguage\":\"en-US\",\"@id\":\"https:\/\/www.fcbraganca.pt\/en\/#\/schema\/logo\/image\/\",\"url\":\"https:\/\/www.fcbraganca.pt\/wp-content\/uploads\/2019\/07\/logo_int3.jpg\",\"contentUrl\":\"https:\/\/www.fcbraganca.pt\/wp-content\/uploads\/2019\/07\/logo_int3.jpg\",\"width\":261,\"height\":92,\"caption\":\"Funda\u00e7\u00e3o da Casa de Bragan\u00e7a\"},\"image\":{\"@id\":\"https:\/\/www.fcbraganca.pt\/en\/#\/schema\/logo\/image\/\"}}]}<\/script>\n<!-- \/ Yoast SEO plugin. -->","yoast_head_json":{"title":"Funda\u00e7\u00e3o da Casa de Bragan\u00e7a | Publications","description":"FCB | Find here our publications that the Foundation sells in: Ducal Palace in Vila Vi\u00e7osa, Castles and Carruagens and\/or mail.","robots":{"index":"index","follow":"follow","max-snippet":"max-snippet:-1","max-image-preview":"max-image-preview:large","max-video-preview":"max-video-preview:-1"},"canonical":"https:\/\/www.fcbraganca.pt\/en\/publications\/","og_locale":"en_US","og_type":"article","og_title":"Funda\u00e7\u00e3o da Casa de Bragan\u00e7a | Publications","og_description":"FCB | Find here our publications that the Foundation sells in: Ducal Palace in Vila Vi\u00e7osa, Castles and Carruagens and\/or mail.","og_url":"https:\/\/www.fcbraganca.pt\/en\/publications\/","og_site_name":"Funda\u00e7\u00e3o da Casa de Bragan\u00e7a","article_modified_time":"2023-10-06T16:02:34+00:00","og_image":[{"url":"https:\/\/www.fcbraganca.pt\/wp-content\/uploads\/2020\/01\/livros1.jpg"}],"twitter_card":"summary_large_image","schema":{"@context":"https:\/\/schema.org","@graph":[{"@type":"WebPage","@id":"https:\/\/www.fcbraganca.pt\/en\/publications\/","url":"https:\/\/www.fcbraganca.pt\/en\/publications\/","name":"Funda\u00e7\u00e3o da Casa de Bragan\u00e7a | Publications","isPartOf":{"@id":"https:\/\/www.fcbraganca.pt\/en\/#website"},"datePublished":"2020-01-30T15:38:18+00:00","dateModified":"2023-10-06T16:02:34+00:00","description":"FCB | Find here our publications that the Foundation sells in: Ducal Palace in Vila Vi\u00e7osa, Castles and Carruagens and\/or mail.","breadcrumb":{"@id":"https:\/\/www.fcbraganca.pt\/en\/publications\/#breadcrumb"},"inLanguage":"en-US","potentialAction":[{"@type":"ReadAction","target":["https:\/\/www.fcbraganca.pt\/en\/publications\/"]}]},{"@type":"BreadcrumbList","@id":"https:\/\/www.fcbraganca.pt\/en\/publications\/#breadcrumb","itemListElement":[{"@type":"ListItem","position":1,"name":"In\u00edcio","item":"https:\/\/www.fcbraganca.pt\/en\/"},{"@type":"ListItem","position":2,"name":"Publications"}]},{"@type":"WebSite","@id":"https:\/\/www.fcbraganca.pt\/en\/#website","url":"https:\/\/www.fcbraganca.pt\/en\/","name":"Funda\u00e7\u00e3o da Casa de Bragan\u00e7a","description":"Funda\u00e7\u00e3o da Casa de Bragan\u00e7a","publisher":{"@id":"https:\/\/www.fcbraganca.pt\/en\/#organization"},"potentialAction":[{"@type":"SearchAction","target":{"@type":"EntryPoint","urlTemplate":"https:\/\/www.fcbraganca.pt\/en\/?s={search_term_string}"},"query-input":"required name=search_term_string"}],"inLanguage":"en-US"},{"@type":"Organization","@id":"https:\/\/www.fcbraganca.pt\/en\/#organization","name":"Funda\u00e7\u00e3o da Casa de Bragan\u00e7a","url":"https:\/\/www.fcbraganca.pt\/en\/","logo":{"@type":"ImageObject","inLanguage":"en-US","@id":"https:\/\/www.fcbraganca.pt\/en\/#\/schema\/logo\/image\/","url":"https:\/\/www.fcbraganca.pt\/wp-content\/uploads\/2019\/07\/logo_int3.jpg","contentUrl":"https:\/\/www.fcbraganca.pt\/wp-content\/uploads\/2019\/07\/logo_int3.jpg","width":261,"height":92,"caption":"Funda\u00e7\u00e3o da Casa de Bragan\u00e7a"},"image":{"@id":"https:\/\/www.fcbraganca.pt\/en\/#\/schema\/logo\/image\/"}}]}},"_links":{"self":[{"href":"https:\/\/www.fcbraganca.pt\/en\/wp-json\/wp\/v2\/pages\/9754"}],"collection":[{"href":"https:\/\/www.fcbraganca.pt\/en\/wp-json\/wp\/v2\/pages"}],"about":[{"href":"https:\/\/www.fcbraganca.pt\/en\/wp-json\/wp\/v2\/types\/page"}],"author":[{"embeddable":true,"href":"https:\/\/www.fcbraganca.pt\/en\/wp-json\/wp\/v2\/users\/2"}],"replies":[{"embeddable":true,"href":"https:\/\/www.fcbraganca.pt\/en\/wp-json\/wp\/v2\/comments?post=9754"}],"version-history":[{"count":4,"href":"https:\/\/www.fcbraganca.pt\/en\/wp-json\/wp\/v2\/pages\/9754\/revisions"}],"predecessor-version":[{"id":15645,"href":"https:\/\/www.fcbraganca.pt\/en\/wp-json\/wp\/v2\/pages\/9754\/revisions\/15645"}],"wp:attachment":[{"href":"https:\/\/www.fcbraganca.pt\/en\/wp-json\/wp\/v2\/media?parent=9754"}],"curies":[{"name":"wp","href":"https:\/\/api.w.org\/{rel}","templated":true}]}}