{"id":9784,"date":"2020-02-06T11:30:35","date_gmt":"2020-02-06T11:30:35","guid":{"rendered":"https:\/\/www.fcbraganca.pt\/?page_id=9784"},"modified":"2023-05-10T13:54:29","modified_gmt":"2023-05-10T13:54:29","slug":"cookies-policy","status":"publish","type":"page","link":"https:\/\/www.fcbraganca.pt\/en\/cookies-policy\/","title":{"rendered":"Cookies Policy"},"content":{"rendered":"\t\t<div data-elementor-type=\"wp-page\" data-elementor-id=\"9784\" class=\"elementor elementor-9784 elementor-7602\">\n\t\t\t\t\t\t<div class=\"elementor-inner\">\n\t\t\t\t<div class=\"elementor-section-wrap\">\n\t\t\t\t\t\t\t\t\t<section class=\"elementor-section elementor-top-section elementor-element elementor-element-e7d28e6 elementor-section-boxed elementor-section-height-default elementor-section-height-default\" data-id=\"e7d28e6\" data-element_type=\"section\">\n\t\t\t\t\t\t<div class=\"elementor-container elementor-column-gap-default\">\n\t\t\t\t\t\t\t<div class=\"elementor-row\">\n\t\t\t\t\t<div class=\"elementor-column elementor-col-100 elementor-top-column elementor-element elementor-element-2a9079d\" data-id=\"2a9079d\" data-element_type=\"column\">\n\t\t\t<div class=\"elementor-column-wrap elementor-element-populated\">\n\t\t\t\t\t\t\t<div class=\"elementor-widget-wrap\">\n\t\t\t\t\t\t<div class=\"elementor-element elementor-element-76a2c12 elementor-widget elementor-widget-text-editor\" data-id=\"76a2c12\" data-element_type=\"widget\" data-widget_type=\"text-editor.default\">\n\t\t\t\t<div class=\"elementor-widget-container\">\n\t\t\t\t\t\t\t\t<div class=\"elementor-text-editor elementor-clearfix\">\n\t\t\t\t<p>This website uses cookies to improve performance and user experience. Cookies serve, for example, to identify your access device, what is useful to guarantee access to all areas of the website and to guarantee certain features in particular. When browsing this site you are authorized to use cookies.<\/p>\n<p><strong>What are cookies<\/strong><\/p>\n<p>Cookies are small text files that contain anonymous information that is recorded on your access device by the website you browse through your browser.<\/p>\n<p><b>What cookies are for<\/b><\/p>\n<p>Cookies are widely used on the internet to ensure the functioning of the sites and also to provide important information to their managers, allowing for faster and more efficient browsing time.<\/p>\n<p><strong>How to manage cookies<\/strong><\/p>\n<p>Cookies can be managed by you directly through your browser settings (program you use to browse the internet). Follow the link associated with the browser you use to find out how you can change your cookie settings:<\/p>\n<p><span style=\"letter-spacing: 0.2px;\">|&nbsp;<\/span><a style=\"background-color: #ffffff; letter-spacing: 0.2px;\" href=\"https:\/\/support.google.com\/chrome\/answer\/95647?hl=pt&amp;topic=14666&amp;ctx=topic\" target=\"_blank\" rel=\"noopener\">Google Chrome<\/a><\/p>\n<p>|&nbsp;<a href=\"http:\/\/support.mozilla.org\/pt-PT\/kb\/Activar%20e%20Desactivar%20cookies?redirectlocale=en-US&amp;redirectslug=Enabling+and+disabling+cookies\" target=\"_blank\" rel=\"noopener\">Mozilla Firefox<\/a><\/p>\n<p>|&nbsp;<a href=\"http:\/\/support.apple.com\/kb\/HT1677?viewlocale=pt_PT&amp;locale=pt_PT\" target=\"_blank\" rel=\"noopener\">Apple Safari<\/a><\/p>\n<p>|&nbsp;<a href=\"http:\/\/windows.microsoft.com\/en-gb\/windows7\/how-to-manage-cookies-in-internet-explorer-9\" target=\"_blank\" rel=\"noopener\">Microsoft Internet Explorer<br><\/a><\/p>\n<p>For others browsers not indicated, look in the Help option of the software itself.<\/p>\n<p><strong style=\"letter-spacing: 0.2px;\">Other&nbsp;cookies<\/strong><\/p>\n<p>When browsing this site you may also receive other cookies, namely those placed by external platforms such as Youtube, Facebook, Twitter or others, as well as cookies placed by the Google Analytics tool, among others, which we can use in order to obtain statistical information about using the site. If you do not wish to accept cookies from Google Analytics <a href=\"https:\/\/tools.google.com\/dlpage\/gaoptout?hl=None\" target=\"_blank\" rel=\"noopener\">click here<\/a> to find out how you can reject them.<\/p>\n<p><strong><em>Cookies<\/em>&nbsp;in emails<\/strong><\/p>\n<p><span style=\"letter-spacing: 0.2px;\">Upon receiving an email from us it is possible that it also uses cookies to know if the email has been read or clicked. If you wish, you can cancel the sending of these emails at any time.&nbsp;<\/span><strong><br><\/strong><\/p>\n<p><span style=\"letter-spacing: 0.2px;\">If you want to know more about cookies we suggest you to consult the following<\/span><span style=\"letter-spacing: 0.2px;\">&nbsp;<\/span><span style=\"letter-spacing: 0.2px;\"><a href=\"http:\/\/www.aboutcookies.org\/\" target=\"_blank\" rel=\"noopener\">link<\/a><\/span><span style=\"letter-spacing: 0.2px;\">.<\/span><\/p>\n<p>If you have any questions about this issue please<span style=\"letter-spacing: 0.2px;\">&nbsp;<\/span><a style=\"background-color: #ffffff; letter-spacing: 0.2px;\" href=\"mailto:fcbraganca@fcbraganca.pt\" target=\"_blank\" rel=\"noopener\">contacte-nos<\/a><span style=\"letter-spacing: 0.2px;\">.<\/span><\/p>\t\t\t\t\t<\/div>\n\t\t\t\t\t\t<\/div>\n\t\t\t\t<\/div>\n\t\t\t\t\t\t<\/div>\n\t\t\t\t\t<\/div>\n\t\t<\/div>\n\t\t\t\t\t\t\t\t<\/div>\n\t\t\t\t\t<\/div>\n\t\t<\/section>\n\t\t\t\t\t\t\t\t\t<\/div>\n\t\t\t<\/div>\n\t\t\t\t\t<\/div>\n\t\t","protected":false},"excerpt":{"rendered":"<p>This website uses cookies to improve performance and user experience. Cookies serve, for example, to identify your access device, what is useful to guarantee access to all areas of the website and to guarantee certain features in particular. When browsing this site you are authorized to use cookies. What are cookies Cookies are small text [&hellip;]<\/p>\n","protected":false},"author":2,"featured_media":6594,"parent":0,"menu_order":0,"comment_status":"closed","ping_status":"closed","template":"","meta":[],"yoast_head":"<!-- This site is optimized with the Yoast SEO plugin v20.4 - https:\/\/yoast.com\/wordpress\/plugins\/seo\/ -->\n<title>Funda\u00e7\u00e3o da Casa de Bragan\u00e7a | Cookies Policy<\/title>\n<meta name=\"description\" content=\"FCB | Click here to find out about our Cookie Policy, in other words, how we register the visits to our website\" \/>\n<meta name=\"robots\" content=\"index, follow, max-snippet:-1, max-image-preview:large, max-video-preview:-1\" \/>\n<link rel=\"canonical\" href=\"https:\/\/www.fcbraganca.pt\/en\/cookies-policy\/\" \/>\n<meta property=\"og:locale\" content=\"en_US\" \/>\n<meta property=\"og:type\" content=\"article\" \/>\n<meta property=\"og:title\" content=\"Funda\u00e7\u00e3o da Casa de Bragan\u00e7a | Cookies Policy\" \/>\n<meta property=\"og:description\" content=\"FCB | Click here to find out about our Cookie Policy, in other words, how we register the visits to our website\" \/>\n<meta property=\"og:url\" content=\"https:\/\/www.fcbraganca.pt\/en\/cookies-policy\/\" \/>\n<meta property=\"og:site_name\" content=\"Funda\u00e7\u00e3o da Casa de Bragan\u00e7a\" \/>\n<meta property=\"article:modified_time\" content=\"2023-05-10T13:54:29+00:00\" \/>\n<meta property=\"og:image\" content=\"https:\/\/www.fcbraganca.pt\/wp-content\/uploads\/2019\/11\/portel.jpg\" \/>\n\t<meta property=\"og:image:width\" content=\"1919\" \/>\n\t<meta property=\"og:image:height\" content=\"813\" \/>\n\t<meta property=\"og:image:type\" content=\"image\/jpeg\" \/>\n<meta name=\"twitter:card\" content=\"summary_large_image\" \/>\n<meta name=\"twitter:label1\" content=\"Est. reading time\" \/>\n\t<meta name=\"twitter:data1\" content=\"2 minutes\" \/>\n<script type=\"application\/ld+json\" class=\"yoast-schema-graph\">{\"@context\":\"https:\/\/schema.org\",\"@graph\":[{\"@type\":\"WebPage\",\"@id\":\"https:\/\/www.fcbraganca.pt\/en\/cookies-policy\/\",\"url\":\"https:\/\/www.fcbraganca.pt\/en\/cookies-policy\/\",\"name\":\"Funda\u00e7\u00e3o da Casa de Bragan\u00e7a | Cookies Policy\",\"isPartOf\":{\"@id\":\"https:\/\/www.fcbraganca.pt\/en\/#website\"},\"datePublished\":\"2020-02-06T11:30:35+00:00\",\"dateModified\":\"2023-05-10T13:54:29+00:00\",\"description\":\"FCB | Click here to find out about our Cookie Policy, in other words, how we register the visits to our website\",\"breadcrumb\":{\"@id\":\"https:\/\/www.fcbraganca.pt\/en\/cookies-policy\/#breadcrumb\"},\"inLanguage\":\"en-US\",\"potentialAction\":[{\"@type\":\"ReadAction\",\"target\":[\"https:\/\/www.fcbraganca.pt\/en\/cookies-policy\/\"]}]},{\"@type\":\"BreadcrumbList\",\"@id\":\"https:\/\/www.fcbraganca.pt\/en\/cookies-policy\/#breadcrumb\",\"itemListElement\":[{\"@type\":\"ListItem\",\"position\":1,\"name\":\"In\u00edcio\",\"item\":\"https:\/\/www.fcbraganca.pt\/en\/\"},{\"@type\":\"ListItem\",\"position\":2,\"name\":\"Cookies Policy\"}]},{\"@type\":\"WebSite\",\"@id\":\"https:\/\/www.fcbraganca.pt\/en\/#website\",\"url\":\"https:\/\/www.fcbraganca.pt\/en\/\",\"name\":\"Funda\u00e7\u00e3o da Casa de Bragan\u00e7a\",\"description\":\"Funda\u00e7\u00e3o da Casa de Bragan\u00e7a\",\"publisher\":{\"@id\":\"https:\/\/www.fcbraganca.pt\/en\/#organization\"},\"potentialAction\":[{\"@type\":\"SearchAction\",\"target\":{\"@type\":\"EntryPoint\",\"urlTemplate\":\"https:\/\/www.fcbraganca.pt\/en\/?s={search_term_string}\"},\"query-input\":\"required name=search_term_string\"}],\"inLanguage\":\"en-US\"},{\"@type\":\"Organization\",\"@id\":\"https:\/\/www.fcbraganca.pt\/en\/#organization\",\"name\":\"Funda\u00e7\u00e3o da Casa de Bragan\u00e7a\",\"url\":\"https:\/\/www.fcbraganca.pt\/en\/\",\"logo\":{\"@type\":\"ImageObject\",\"inLanguage\":\"en-US\",\"@id\":\"https:\/\/www.fcbraganca.pt\/en\/#\/schema\/logo\/image\/\",\"url\":\"https:\/\/www.fcbraganca.pt\/wp-content\/uploads\/2019\/07\/logo_int3.jpg\",\"contentUrl\":\"https:\/\/www.fcbraganca.pt\/wp-content\/uploads\/2019\/07\/logo_int3.jpg\",\"width\":261,\"height\":92,\"caption\":\"Funda\u00e7\u00e3o da Casa de Bragan\u00e7a\"},\"image\":{\"@id\":\"https:\/\/www.fcbraganca.pt\/en\/#\/schema\/logo\/image\/\"}}]}<\/script>\n<!-- \/ Yoast SEO plugin. -->","yoast_head_json":{"title":"Funda\u00e7\u00e3o da Casa de Bragan\u00e7a | Cookies Policy","description":"FCB | Click here to find out about our Cookie Policy, in other words, how we register the visits to our website","robots":{"index":"index","follow":"follow","max-snippet":"max-snippet:-1","max-image-preview":"max-image-preview:large","max-video-preview":"max-video-preview:-1"},"canonical":"https:\/\/www.fcbraganca.pt\/en\/cookies-policy\/","og_locale":"en_US","og_type":"article","og_title":"Funda\u00e7\u00e3o da Casa de Bragan\u00e7a | Cookies Policy","og_description":"FCB | Click here to find out about our Cookie Policy, in other words, how we register the visits to our website","og_url":"https:\/\/www.fcbraganca.pt\/en\/cookies-policy\/","og_site_name":"Funda\u00e7\u00e3o da Casa de Bragan\u00e7a","article_modified_time":"2023-05-10T13:54:29+00:00","og_image":[{"width":1919,"height":813,"url":"https:\/\/www.fcbraganca.pt\/wp-content\/uploads\/2019\/11\/portel.jpg","type":"image\/jpeg"}],"twitter_card":"summary_large_image","twitter_misc":{"Est. reading time":"2 minutes"},"schema":{"@context":"https:\/\/schema.org","@graph":[{"@type":"WebPage","@id":"https:\/\/www.fcbraganca.pt\/en\/cookies-policy\/","url":"https:\/\/www.fcbraganca.pt\/en\/cookies-policy\/","name":"Funda\u00e7\u00e3o da Casa de Bragan\u00e7a | Cookies Policy","isPartOf":{"@id":"https:\/\/www.fcbraganca.pt\/en\/#website"},"datePublished":"2020-02-06T11:30:35+00:00","dateModified":"2023-05-10T13:54:29+00:00","description":"FCB | Click here to find out about our Cookie Policy, in other words, how we register the visits to our website","breadcrumb":{"@id":"https:\/\/www.fcbraganca.pt\/en\/cookies-policy\/#breadcrumb"},"inLanguage":"en-US","potentialAction":[{"@type":"ReadAction","target":["https:\/\/www.fcbraganca.pt\/en\/cookies-policy\/"]}]},{"@type":"BreadcrumbList","@id":"https:\/\/www.fcbraganca.pt\/en\/cookies-policy\/#breadcrumb","itemListElement":[{"@type":"ListItem","position":1,"name":"In\u00edcio","item":"https:\/\/www.fcbraganca.pt\/en\/"},{"@type":"ListItem","position":2,"name":"Cookies Policy"}]},{"@type":"WebSite","@id":"https:\/\/www.fcbraganca.pt\/en\/#website","url":"https:\/\/www.fcbraganca.pt\/en\/","name":"Funda\u00e7\u00e3o da Casa de Bragan\u00e7a","description":"Funda\u00e7\u00e3o da Casa de Bragan\u00e7a","publisher":{"@id":"https:\/\/www.fcbraganca.pt\/en\/#organization"},"potentialAction":[{"@type":"SearchAction","target":{"@type":"EntryPoint","urlTemplate":"https:\/\/www.fcbraganca.pt\/en\/?s={search_term_string}"},"query-input":"required name=search_term_string"}],"inLanguage":"en-US"},{"@type":"Organization","@id":"https:\/\/www.fcbraganca.pt\/en\/#organization","name":"Funda\u00e7\u00e3o da Casa de Bragan\u00e7a","url":"https:\/\/www.fcbraganca.pt\/en\/","logo":{"@type":"ImageObject","inLanguage":"en-US","@id":"https:\/\/www.fcbraganca.pt\/en\/#\/schema\/logo\/image\/","url":"https:\/\/www.fcbraganca.pt\/wp-content\/uploads\/2019\/07\/logo_int3.jpg","contentUrl":"https:\/\/www.fcbraganca.pt\/wp-content\/uploads\/2019\/07\/logo_int3.jpg","width":261,"height":92,"caption":"Funda\u00e7\u00e3o da Casa de Bragan\u00e7a"},"image":{"@id":"https:\/\/www.fcbraganca.pt\/en\/#\/schema\/logo\/image\/"}}]}},"_links":{"self":[{"href":"https:\/\/www.fcbraganca.pt\/en\/wp-json\/wp\/v2\/pages\/9784"}],"collection":[{"href":"https:\/\/www.fcbraganca.pt\/en\/wp-json\/wp\/v2\/pages"}],"about":[{"href":"https:\/\/www.fcbraganca.pt\/en\/wp-json\/wp\/v2\/types\/page"}],"author":[{"embeddable":true,"href":"https:\/\/www.fcbraganca.pt\/en\/wp-json\/wp\/v2\/users\/2"}],"replies":[{"embeddable":true,"href":"https:\/\/www.fcbraganca.pt\/en\/wp-json\/wp\/v2\/comments?post=9784"}],"version-history":[{"count":1,"href":"https:\/\/www.fcbraganca.pt\/en\/wp-json\/wp\/v2\/pages\/9784\/revisions"}],"predecessor-version":[{"id":15381,"href":"https:\/\/www.fcbraganca.pt\/en\/wp-json\/wp\/v2\/pages\/9784\/revisions\/15381"}],"wp:featuredmedia":[{"embeddable":true,"href":"https:\/\/www.fcbraganca.pt\/en\/wp-json\/wp\/v2\/media\/6594"}],"wp:attachment":[{"href":"https:\/\/www.fcbraganca.pt\/en\/wp-json\/wp\/v2\/media?parent=9784"}],"curies":[{"name":"wp","href":"https:\/\/api.w.org\/{rel}","templated":true}]}}